{"id":2038,"date":"2020-11-09T15:07:42","date_gmt":"2020-11-09T15:07:42","guid":{"rendered":"https:\/\/diazreus.com\/?page_id=2038"},"modified":"2021-04-07T14:53:10","modified_gmt":"2021-04-07T14:53:10","slug":"%d1%81%d1%82%d0%b0%d1%82%d1%8c%d0%b8-%d0%b8-%d0%bf%d1%83%d0%b1%d0%bb%d0%b8%d0%ba%d0%b0%d1%86%d0%b8%d0%b8","status":"publish","type":"page","link":"https:\/\/diazreus.com\/ru\/%d1%81%d1%82%d0%b0%d1%82%d1%8c%d0%b8-%d0%b8-%d0%bf%d1%83%d0%b1%d0%bb%d0%b8%d0%ba%d0%b0%d1%86%d0%b8%d0%b8\/","title":{"rendered":"\u0421\u0442\u0430\u0442\u044c\u0438 \u0438 \u043f\u0443\u0431\u043b\u0438\u043a\u0430\u0446\u0438\u0438"},"content":{"rendered":"<div id=\"cs-content\" class=\"cs-content\"><\/div>\n","protected":false},"excerpt":{"rendered":"<p>\u0421\u0442\u0430\u0442\u044c\u0438 \u0438 \u043f\u0443\u0431\u043b\u0438\u043a\u0430\u0446\u0438\u0438 What Factors Are Driving Brazil\u2019s Presidential Race? The Dialogue, April 10, 2026 Pedro Fragoso Pires, foreign legal consultant at Diaz Reus: \u201cThe same factors that drove the Brazilian population to bring Lula back straight from prison in 2022 may&#8230; 11.04.2026 Read More Qu\u00e9 pasa con los millones de d\u00f3lares de la corrupci\u00f3n en Venezuela decomisados en EE.UU. &#8230; <a href=\"https:\/\/diazreus.com\/ru\/%d1%81%d1%82%d0%b0%d1%82%d1%8c%d0%b8-%d0%b8-%d0%bf%d1%83%d0%b1%d0%bb%d0%b8%d0%ba%d0%b0%d1%86%d0%b8%d0%b8\/\" class=\"more-link\">Read More<\/a><\/p>\n","protected":false},"author":1,"featured_media":0,"parent":0,"menu_order":0,"comment_status":"closed","ping_status":"closed","template":"template-blank-4.php","meta":{"_acf_changed":false,"rs_blank_template":"","rs_page_bg_color":"#ffffff","slide_template_v7":"","inline_featured_image":false,"footnotes":""},"class_list":["post-2038","page","type-page","status-publish","hentry","no-post-thumbnail"],"acf":[],"yoast_head":"<!-- This site is optimized with the Yoast SEO plugin v27.4 - https:\/\/yoast.com\/product\/yoast-seo-wordpress\/ -->\n<title>\u0421\u0442\u0430\u0442\u044c\u0438 \u0438 \u043f\u0443\u0431\u043b\u0438\u043a\u0430\u0446\u0438\u0438 - Diaz Reus<\/title>\n<meta name=\"robots\" content=\"index, follow, max-snippet:-1, max-image-preview:large, max-video-preview:-1\" \/>\n<link rel=\"canonical\" href=\"https:\/\/diazreus.com\/ru\/%d1%81%d1%82%d0%b0%d1%82%d1%8c%d0%b8-%d0%b8-%d0%bf%d1%83%d0%b1%d0%bb%d0%b8%d0%ba%d0%b0%d1%86%d0%b8%d0%b8\/\" \/>\n<meta property=\"og:locale\" content=\"ru_RU\" \/>\n<meta property=\"og:type\" content=\"article\" \/>\n<meta property=\"og:title\" content=\"\u0421\u0442\u0430\u0442\u044c\u0438 \u0438 \u043f\u0443\u0431\u043b\u0438\u043a\u0430\u0446\u0438\u0438 - Diaz Reus\" \/>\n<meta property=\"og:description\" content=\"\u0421\u0442\u0430\u0442\u044c\u0438 \u0438 \u043f\u0443\u0431\u043b\u0438\u043a\u0430\u0446\u0438\u0438 What Factors Are Driving Brazil\u2019s Presidential Race? The Dialogue, April 10, 2026 Pedro Fragoso Pires, foreign legal consultant at Diaz Reus: \u201cThe same factors that drove the Brazilian population to bring Lula back straight from prison in 2022 may... 11.04.2026 Read More Qu\u00e9 pasa con los millones de d\u00f3lares de la corrupci\u00f3n en Venezuela decomisados en EE.UU. ... Read More\" \/>\n<meta property=\"og:url\" content=\"https:\/\/diazreus.com\/ru\/%d1%81%d1%82%d0%b0%d1%82%d1%8c%d0%b8-%d0%b8-%d0%bf%d1%83%d0%b1%d0%bb%d0%b8%d0%ba%d0%b0%d1%86%d0%b8%d0%b8\/\" \/>\n<meta property=\"og:site_name\" content=\"Diaz Reus\" \/>\n<meta property=\"article:modified_time\" content=\"2021-04-07T14:53:10+00:00\" \/>\n<meta name=\"twitter:card\" content=\"summary_large_image\" \/>\n<script type=\"application\/ld+json\" class=\"yoast-schema-graph\">{\"@context\":\"https:\\\/\\\/schema.org\",\"@graph\":[{\"@type\":\"WebPage\",\"@id\":\"https:\\\/\\\/diazreus.com\\\/ru\\\/%d1%81%d1%82%d0%b0%d1%82%d1%8c%d0%b8-%d0%b8-%d0%bf%d1%83%d0%b1%d0%bb%d0%b8%d0%ba%d0%b0%d1%86%d0%b8%d0%b8\\\/\",\"url\":\"https:\\\/\\\/diazreus.com\\\/ru\\\/%d1%81%d1%82%d0%b0%d1%82%d1%8c%d0%b8-%d0%b8-%d0%bf%d1%83%d0%b1%d0%bb%d0%b8%d0%ba%d0%b0%d1%86%d0%b8%d0%b8\\\/\",\"name\":\"\u0421\u0442\u0430\u0442\u044c\u0438 \u0438 \u043f\u0443\u0431\u043b\u0438\u043a\u0430\u0446\u0438\u0438 - Diaz Reus\",\"isPartOf\":{\"@id\":\"https:\\\/\\\/diazreus.com\\\/ru\\\/#website\"},\"datePublished\":\"2020-11-09T15:07:42+00:00\",\"dateModified\":\"2021-04-07T14:53:10+00:00\",\"breadcrumb\":{\"@id\":\"https:\\\/\\\/diazreus.com\\\/ru\\\/%d1%81%d1%82%d0%b0%d1%82%d1%8c%d0%b8-%d0%b8-%d0%bf%d1%83%d0%b1%d0%bb%d0%b8%d0%ba%d0%b0%d1%86%d0%b8%d0%b8\\\/#breadcrumb\"},\"inLanguage\":\"ru-RU\",\"potentialAction\":[{\"@type\":\"ReadAction\",\"target\":[\"https:\\\/\\\/diazreus.com\\\/ru\\\/%d1%81%d1%82%d0%b0%d1%82%d1%8c%d0%b8-%d0%b8-%d0%bf%d1%83%d0%b1%d0%bb%d0%b8%d0%ba%d0%b0%d1%86%d0%b8%d0%b8\\\/\"]}]},{\"@type\":\"BreadcrumbList\",\"@id\":\"https:\\\/\\\/diazreus.com\\\/ru\\\/%d1%81%d1%82%d0%b0%d1%82%d1%8c%d0%b8-%d0%b8-%d0%bf%d1%83%d0%b1%d0%bb%d0%b8%d0%ba%d0%b0%d1%86%d0%b8%d0%b8\\\/#breadcrumb\",\"itemListElement\":[{\"@type\":\"ListItem\",\"position\":1,\"name\":\"Home\",\"item\":\"https:\\\/\\\/diazreus.com\\\/ru\\\/home-russian\\\/\"},{\"@type\":\"ListItem\",\"position\":2,\"name\":\"\u0421\u0442\u0430\u0442\u044c\u0438 \u0438 \u043f\u0443\u0431\u043b\u0438\u043a\u0430\u0446\u0438\u0438\"}]},{\"@type\":\"WebSite\",\"@id\":\"https:\\\/\\\/diazreus.com\\\/ru\\\/#website\",\"url\":\"https:\\\/\\\/diazreus.com\\\/ru\\\/\",\"name\":\"Diaz Reus\",\"description\":\"\",\"potentialAction\":[{\"@type\":\"SearchAction\",\"target\":{\"@type\":\"EntryPoint\",\"urlTemplate\":\"https:\\\/\\\/diazreus.com\\\/ru\\\/?s={search_term_string}\"},\"query-input\":{\"@type\":\"PropertyValueSpecification\",\"valueRequired\":true,\"valueName\":\"search_term_string\"}}],\"inLanguage\":\"ru-RU\"}]}<\/script>\n<!-- \/ Yoast SEO plugin. -->","yoast_head_json":{"title":"\u0421\u0442\u0430\u0442\u044c\u0438 \u0438 \u043f\u0443\u0431\u043b\u0438\u043a\u0430\u0446\u0438\u0438 - Diaz Reus","robots":{"index":"index","follow":"follow","max-snippet":"max-snippet:-1","max-image-preview":"max-image-preview:large","max-video-preview":"max-video-preview:-1"},"canonical":"https:\/\/diazreus.com\/ru\/%d1%81%d1%82%d0%b0%d1%82%d1%8c%d0%b8-%d0%b8-%d0%bf%d1%83%d0%b1%d0%bb%d0%b8%d0%ba%d0%b0%d1%86%d0%b8%d0%b8\/","og_locale":"ru_RU","og_type":"article","og_title":"\u0421\u0442\u0430\u0442\u044c\u0438 \u0438 \u043f\u0443\u0431\u043b\u0438\u043a\u0430\u0446\u0438\u0438 - Diaz Reus","og_description":"\u0421\u0442\u0430\u0442\u044c\u0438 \u0438 \u043f\u0443\u0431\u043b\u0438\u043a\u0430\u0446\u0438\u0438 What Factors Are Driving Brazil\u2019s Presidential Race? The Dialogue, April 10, 2026 Pedro Fragoso Pires, foreign legal consultant at Diaz Reus: \u201cThe same factors that drove the Brazilian population to bring Lula back straight from prison in 2022 may... 11.04.2026 Read More Qu\u00e9 pasa con los millones de d\u00f3lares de la corrupci\u00f3n en Venezuela decomisados en EE.UU. ... Read More","og_url":"https:\/\/diazreus.com\/ru\/%d1%81%d1%82%d0%b0%d1%82%d1%8c%d0%b8-%d0%b8-%d0%bf%d1%83%d0%b1%d0%bb%d0%b8%d0%ba%d0%b0%d1%86%d0%b8%d0%b8\/","og_site_name":"Diaz Reus","article_modified_time":"2021-04-07T14:53:10+00:00","twitter_card":"summary_large_image","schema":{"@context":"https:\/\/schema.org","@graph":[{"@type":"WebPage","@id":"https:\/\/diazreus.com\/ru\/%d1%81%d1%82%d0%b0%d1%82%d1%8c%d0%b8-%d0%b8-%d0%bf%d1%83%d0%b1%d0%bb%d0%b8%d0%ba%d0%b0%d1%86%d0%b8%d0%b8\/","url":"https:\/\/diazreus.com\/ru\/%d1%81%d1%82%d0%b0%d1%82%d1%8c%d0%b8-%d0%b8-%d0%bf%d1%83%d0%b1%d0%bb%d0%b8%d0%ba%d0%b0%d1%86%d0%b8%d0%b8\/","name":"\u0421\u0442\u0430\u0442\u044c\u0438 \u0438 \u043f\u0443\u0431\u043b\u0438\u043a\u0430\u0446\u0438\u0438 - Diaz Reus","isPartOf":{"@id":"https:\/\/diazreus.com\/ru\/#website"},"datePublished":"2020-11-09T15:07:42+00:00","dateModified":"2021-04-07T14:53:10+00:00","breadcrumb":{"@id":"https:\/\/diazreus.com\/ru\/%d1%81%d1%82%d0%b0%d1%82%d1%8c%d0%b8-%d0%b8-%d0%bf%d1%83%d0%b1%d0%bb%d0%b8%d0%ba%d0%b0%d1%86%d0%b8%d0%b8\/#breadcrumb"},"inLanguage":"ru-RU","potentialAction":[{"@type":"ReadAction","target":["https:\/\/diazreus.com\/ru\/%d1%81%d1%82%d0%b0%d1%82%d1%8c%d0%b8-%d0%b8-%d0%bf%d1%83%d0%b1%d0%bb%d0%b8%d0%ba%d0%b0%d1%86%d0%b8%d0%b8\/"]}]},{"@type":"BreadcrumbList","@id":"https:\/\/diazreus.com\/ru\/%d1%81%d1%82%d0%b0%d1%82%d1%8c%d0%b8-%d0%b8-%d0%bf%d1%83%d0%b1%d0%bb%d0%b8%d0%ba%d0%b0%d1%86%d0%b8%d0%b8\/#breadcrumb","itemListElement":[{"@type":"ListItem","position":1,"name":"Home","item":"https:\/\/diazreus.com\/ru\/home-russian\/"},{"@type":"ListItem","position":2,"name":"\u0421\u0442\u0430\u0442\u044c\u0438 \u0438 \u043f\u0443\u0431\u043b\u0438\u043a\u0430\u0446\u0438\u0438"}]},{"@type":"WebSite","@id":"https:\/\/diazreus.com\/ru\/#website","url":"https:\/\/diazreus.com\/ru\/","name":"Diaz Reus","description":"","potentialAction":[{"@type":"SearchAction","target":{"@type":"EntryPoint","urlTemplate":"https:\/\/diazreus.com\/ru\/?s={search_term_string}"},"query-input":{"@type":"PropertyValueSpecification","valueRequired":true,"valueName":"search_term_string"}}],"inLanguage":"ru-RU"}]}},"_links":{"self":[{"href":"https:\/\/diazreus.com\/ru\/wp-json\/wp\/v2\/pages\/2038","targetHints":{"allow":["GET"]}}],"collection":[{"href":"https:\/\/diazreus.com\/ru\/wp-json\/wp\/v2\/pages"}],"about":[{"href":"https:\/\/diazreus.com\/ru\/wp-json\/wp\/v2\/types\/page"}],"author":[{"embeddable":true,"href":"https:\/\/diazreus.com\/ru\/wp-json\/wp\/v2\/users\/1"}],"replies":[{"embeddable":true,"href":"https:\/\/diazreus.com\/ru\/wp-json\/wp\/v2\/comments?post=2038"}],"version-history":[{"count":3,"href":"https:\/\/diazreus.com\/ru\/wp-json\/wp\/v2\/pages\/2038\/revisions"}],"predecessor-version":[{"id":11291,"href":"https:\/\/diazreus.com\/ru\/wp-json\/wp\/v2\/pages\/2038\/revisions\/11291"}],"wp:attachment":[{"href":"https:\/\/diazreus.com\/ru\/wp-json\/wp\/v2\/media?parent=2038"}],"curies":[{"name":"wp","href":"https:\/\/api.w.org\/{rel}","templated":true}]}}