{"id":9695,"date":"2021-01-26T14:39:28","date_gmt":"2021-01-26T14:39:28","guid":{"rendered":"https:\/\/diazreus.com\/?page_id=9695"},"modified":"2023-08-02T13:56:51","modified_gmt":"2023-08-02T13:56:51","slug":"abogados-y-asesores-la-es","status":"publish","type":"page","link":"https:\/\/diazreus.com\/es\/abogados-y-asesores\/abogados-y-asesores-la-es\/","title":{"rendered":"Abogados y Asesores Latino Am\u00e9rica"},"content":{"rendered":"<div id=\"cs-content\" class=\"cs-content\"><\/div>\n","protected":false},"excerpt":{"rendered":"<p>Abogados y Asesores Latino Am\u00e9ricaAlcance, experiencia y profundo conocimiento son las caracter\u00edsticas de los abogados internacionales de D\u00edaz Reus. Desde nuestras Oficinas en Miami, Florida y nuestras oficinas alrededor del mundo, los abogados de Diaz Reus ayudan a las compa\u00f1\u00edas, entidades p\u00fablicas, y personas naturales a llevar a cabo sus negocios y a resolver las disputas locales y en el &#8230; <a href=\"https:\/\/diazreus.com\/es\/abogados-y-asesores\/abogados-y-asesores-la-es\/\" class=\"more-link\">Read More<\/a><\/p>\n","protected":false},"author":1,"featured_media":0,"parent":1492,"menu_order":0,"comment_status":"closed","ping_status":"closed","template":"template-blank-4.php","meta":{"_acf_changed":false,"rs_blank_template":"","rs_page_bg_color":"","slide_template_v7":"","inline_featured_image":false,"footnotes":""},"class_list":["post-9695","page","type-page","status-publish","hentry","no-post-thumbnail"],"acf":[],"yoast_head":"<!-- This site is optimized with the Yoast SEO plugin v27.4 - https:\/\/yoast.com\/product\/yoast-seo-wordpress\/ -->\n<title>Abogados y Asesores Latino Am\u00e9rica - Diaz Reus<\/title>\n<meta name=\"robots\" content=\"index, follow, max-snippet:-1, max-image-preview:large, max-video-preview:-1\" \/>\n<link rel=\"canonical\" href=\"https:\/\/diazreus.com\/es\/abogados-y-asesores\/abogados-y-asesores-la-es\/\" \/>\n<meta property=\"og:locale\" content=\"es_ES\" \/>\n<meta property=\"og:type\" content=\"article\" \/>\n<meta property=\"og:title\" content=\"Abogados y Asesores Latino Am\u00e9rica - Diaz Reus\" \/>\n<meta property=\"og:description\" content=\"Abogados y Asesores Latino Am\u00e9ricaAlcance, experiencia y profundo conocimiento son las caracter\u00edsticas de los abogados internacionales de D\u00edaz Reus. Desde nuestras Oficinas en Miami, Florida y nuestras oficinas alrededor del mundo, los abogados de Diaz Reus ayudan a las compa\u00f1\u00edas, entidades p\u00fablicas, y personas naturales a llevar a cabo sus negocios y a resolver las disputas locales y en el ... Read More\" \/>\n<meta property=\"og:url\" content=\"https:\/\/diazreus.com\/es\/abogados-y-asesores\/abogados-y-asesores-la-es\/\" \/>\n<meta property=\"og:site_name\" content=\"Diaz Reus\" \/>\n<meta property=\"article:modified_time\" content=\"2023-08-02T13:56:51+00:00\" \/>\n<meta name=\"twitter:card\" content=\"summary_large_image\" \/>\n<meta name=\"twitter:label1\" content=\"Tiempo de lectura\" \/>\n\t<meta name=\"twitter:data1\" content=\"2 minutos\" \/>\n<script type=\"application\/ld+json\" class=\"yoast-schema-graph\">{\"@context\":\"https:\\\/\\\/schema.org\",\"@graph\":[{\"@type\":\"WebPage\",\"@id\":\"https:\\\/\\\/diazreus.com\\\/es\\\/abogados-y-asesores\\\/abogados-y-asesores-la-es\\\/\",\"url\":\"https:\\\/\\\/diazreus.com\\\/es\\\/abogados-y-asesores\\\/abogados-y-asesores-la-es\\\/\",\"name\":\"Abogados y Asesores Latino Am\u00e9rica - Diaz Reus\",\"isPartOf\":{\"@id\":\"https:\\\/\\\/diazreus.com\\\/es\\\/#website\"},\"datePublished\":\"2021-01-26T14:39:28+00:00\",\"dateModified\":\"2023-08-02T13:56:51+00:00\",\"breadcrumb\":{\"@id\":\"https:\\\/\\\/diazreus.com\\\/es\\\/abogados-y-asesores\\\/abogados-y-asesores-la-es\\\/#breadcrumb\"},\"inLanguage\":\"es\",\"potentialAction\":[{\"@type\":\"ReadAction\",\"target\":[\"https:\\\/\\\/diazreus.com\\\/es\\\/abogados-y-asesores\\\/abogados-y-asesores-la-es\\\/\"]}]},{\"@type\":\"BreadcrumbList\",\"@id\":\"https:\\\/\\\/diazreus.com\\\/es\\\/abogados-y-asesores\\\/abogados-y-asesores-la-es\\\/#breadcrumb\",\"itemListElement\":[{\"@type\":\"ListItem\",\"position\":1,\"name\":\"Home\",\"item\":\"https:\\\/\\\/diazreus.com\\\/es\\\/home-espanol\\\/\"},{\"@type\":\"ListItem\",\"position\":2,\"name\":\"Abogados y Asesores Norte Am\u00e9rica\",\"item\":\"https:\\\/\\\/diazreus.com\\\/es\\\/abogados-y-asesores\\\/\"},{\"@type\":\"ListItem\",\"position\":3,\"name\":\"Abogados y Asesores Latino Am\u00e9rica\"}]},{\"@type\":\"WebSite\",\"@id\":\"https:\\\/\\\/diazreus.com\\\/es\\\/#website\",\"url\":\"https:\\\/\\\/diazreus.com\\\/es\\\/\",\"name\":\"Diaz Reus\",\"description\":\"\",\"potentialAction\":[{\"@type\":\"SearchAction\",\"target\":{\"@type\":\"EntryPoint\",\"urlTemplate\":\"https:\\\/\\\/diazreus.com\\\/es\\\/?s={search_term_string}\"},\"query-input\":{\"@type\":\"PropertyValueSpecification\",\"valueRequired\":true,\"valueName\":\"search_term_string\"}}],\"inLanguage\":\"es\"}]}<\/script>\n<!-- \/ Yoast SEO plugin. -->","yoast_head_json":{"title":"Abogados y Asesores Latino Am\u00e9rica - Diaz Reus","robots":{"index":"index","follow":"follow","max-snippet":"max-snippet:-1","max-image-preview":"max-image-preview:large","max-video-preview":"max-video-preview:-1"},"canonical":"https:\/\/diazreus.com\/es\/abogados-y-asesores\/abogados-y-asesores-la-es\/","og_locale":"es_ES","og_type":"article","og_title":"Abogados y Asesores Latino Am\u00e9rica - Diaz Reus","og_description":"Abogados y Asesores Latino Am\u00e9ricaAlcance, experiencia y profundo conocimiento son las caracter\u00edsticas de los abogados internacionales de D\u00edaz Reus. Desde nuestras Oficinas en Miami, Florida y nuestras oficinas alrededor del mundo, los abogados de Diaz Reus ayudan a las compa\u00f1\u00edas, entidades p\u00fablicas, y personas naturales a llevar a cabo sus negocios y a resolver las disputas locales y en el ... Read More","og_url":"https:\/\/diazreus.com\/es\/abogados-y-asesores\/abogados-y-asesores-la-es\/","og_site_name":"Diaz Reus","article_modified_time":"2023-08-02T13:56:51+00:00","twitter_card":"summary_large_image","twitter_misc":{"Tiempo de lectura":"2 minutos"},"schema":{"@context":"https:\/\/schema.org","@graph":[{"@type":"WebPage","@id":"https:\/\/diazreus.com\/es\/abogados-y-asesores\/abogados-y-asesores-la-es\/","url":"https:\/\/diazreus.com\/es\/abogados-y-asesores\/abogados-y-asesores-la-es\/","name":"Abogados y Asesores Latino Am\u00e9rica - Diaz Reus","isPartOf":{"@id":"https:\/\/diazreus.com\/es\/#website"},"datePublished":"2021-01-26T14:39:28+00:00","dateModified":"2023-08-02T13:56:51+00:00","breadcrumb":{"@id":"https:\/\/diazreus.com\/es\/abogados-y-asesores\/abogados-y-asesores-la-es\/#breadcrumb"},"inLanguage":"es","potentialAction":[{"@type":"ReadAction","target":["https:\/\/diazreus.com\/es\/abogados-y-asesores\/abogados-y-asesores-la-es\/"]}]},{"@type":"BreadcrumbList","@id":"https:\/\/diazreus.com\/es\/abogados-y-asesores\/abogados-y-asesores-la-es\/#breadcrumb","itemListElement":[{"@type":"ListItem","position":1,"name":"Home","item":"https:\/\/diazreus.com\/es\/home-espanol\/"},{"@type":"ListItem","position":2,"name":"Abogados y Asesores Norte Am\u00e9rica","item":"https:\/\/diazreus.com\/es\/abogados-y-asesores\/"},{"@type":"ListItem","position":3,"name":"Abogados y Asesores Latino Am\u00e9rica"}]},{"@type":"WebSite","@id":"https:\/\/diazreus.com\/es\/#website","url":"https:\/\/diazreus.com\/es\/","name":"Diaz Reus","description":"","potentialAction":[{"@type":"SearchAction","target":{"@type":"EntryPoint","urlTemplate":"https:\/\/diazreus.com\/es\/?s={search_term_string}"},"query-input":{"@type":"PropertyValueSpecification","valueRequired":true,"valueName":"search_term_string"}}],"inLanguage":"es"}]}},"_links":{"self":[{"href":"https:\/\/diazreus.com\/es\/wp-json\/wp\/v2\/pages\/9695","targetHints":{"allow":["GET"]}}],"collection":[{"href":"https:\/\/diazreus.com\/es\/wp-json\/wp\/v2\/pages"}],"about":[{"href":"https:\/\/diazreus.com\/es\/wp-json\/wp\/v2\/types\/page"}],"author":[{"embeddable":true,"href":"https:\/\/diazreus.com\/es\/wp-json\/wp\/v2\/users\/1"}],"replies":[{"embeddable":true,"href":"https:\/\/diazreus.com\/es\/wp-json\/wp\/v2\/comments?post=9695"}],"version-history":[{"count":6,"href":"https:\/\/diazreus.com\/es\/wp-json\/wp\/v2\/pages\/9695\/revisions"}],"predecessor-version":[{"id":21253,"href":"https:\/\/diazreus.com\/es\/wp-json\/wp\/v2\/pages\/9695\/revisions\/21253"}],"up":[{"embeddable":true,"href":"https:\/\/diazreus.com\/es\/wp-json\/wp\/v2\/pages\/1492"}],"wp:attachment":[{"href":"https:\/\/diazreus.com\/es\/wp-json\/wp\/v2\/media?parent=9695"}],"curies":[{"name":"wp","href":"https:\/\/api.w.org\/{rel}","templated":true}]}}