{"id":1887,"date":"2020-11-04T15:47:37","date_gmt":"2020-11-04T15:47:37","guid":{"rendered":"https:\/\/diazreus.com\/?page_id=1887"},"modified":"2021-05-26T13:27:18","modified_gmt":"2021-05-26T13:27:18","slug":"articulos-publicaciones","status":"publish","type":"page","link":"https:\/\/diazreus.com\/es\/articulos-publicaciones\/","title":{"rendered":"Art\u00edculos &#038; Publicaciones"},"content":{"rendered":"<div id=\"cs-content\" class=\"cs-content\"><\/div>\n","protected":false},"excerpt":{"rendered":"<p>Art\u00edculos &#038; Publicaciones Qu\u00e9 pasa con los millones de d\u00f3lares de la corrupci\u00f3n en Venezuela decomisados en EE.UU. \u00abEs el caso m\u00e1s grande en la historia de Florida bajo la Ley de Pr\u00e1cticas Corruptas en el Extranjero\u00bb, dice a BBC Mundo el abogado Michael D\u00edaz, director principal del&#8230; 23 de marzo de 2026 Read More Licencia General 52: Autorizaci\u00f3n de &#8230; <a href=\"https:\/\/diazreus.com\/es\/articulos-publicaciones\/\" class=\"more-link\">Read More<\/a><\/p>\n","protected":false},"author":1,"featured_media":0,"parent":0,"menu_order":0,"comment_status":"closed","ping_status":"closed","template":"template-blank-4.php","meta":{"_acf_changed":false,"rs_blank_template":"","rs_page_bg_color":"#ffffff","slide_template_v7":"","inline_featured_image":false,"footnotes":""},"class_list":["post-1887","page","type-page","status-publish","hentry","no-post-thumbnail"],"acf":[],"yoast_head":"<!-- This site is optimized with the Yoast SEO plugin v27.2 - https:\/\/yoast.com\/product\/yoast-seo-wordpress\/ -->\n<title>Art\u00edculos &amp; Publicaciones - Diaz Reus<\/title>\n<meta name=\"robots\" content=\"index, follow, max-snippet:-1, max-image-preview:large, max-video-preview:-1\" \/>\n<link rel=\"canonical\" href=\"https:\/\/diazreus.com\/es\/articulos-publicaciones\/\" \/>\n<meta property=\"og:locale\" content=\"es_ES\" \/>\n<meta property=\"og:type\" content=\"article\" \/>\n<meta property=\"og:title\" content=\"Art\u00edculos &amp; Publicaciones - Diaz Reus\" \/>\n<meta property=\"og:description\" content=\"Art\u00edculos &#038; Publicaciones Qu\u00e9 pasa con los millones de d\u00f3lares de la corrupci\u00f3n en Venezuela decomisados en EE.UU. &quot;Es el caso m\u00e1s grande en la historia de Florida bajo la Ley de Pr\u00e1cticas Corruptas en el Extranjero&quot;, dice a BBC Mundo el abogado Michael D\u00edaz, director principal del... 23 de marzo de 2026 Read More Licencia General 52: Autorizaci\u00f3n de ... Read More\" \/>\n<meta property=\"og:url\" content=\"https:\/\/diazreus.com\/es\/articulos-publicaciones\/\" \/>\n<meta property=\"og:site_name\" content=\"Diaz Reus\" \/>\n<meta property=\"article:modified_time\" content=\"2021-05-26T13:27:18+00:00\" \/>\n<meta name=\"twitter:card\" content=\"summary_large_image\" \/>\n<script type=\"application\/ld+json\" class=\"yoast-schema-graph\">{\"@context\":\"https:\/\/schema.org\",\"@graph\":[{\"@type\":\"WebPage\",\"@id\":\"https:\/\/diazreus.com\/es\/articulos-publicaciones\/\",\"url\":\"https:\/\/diazreus.com\/es\/articulos-publicaciones\/\",\"name\":\"Art\u00edculos & Publicaciones - Diaz Reus\",\"isPartOf\":{\"@id\":\"https:\/\/diazreus.com\/es\/#website\"},\"datePublished\":\"2020-11-04T15:47:37+00:00\",\"dateModified\":\"2021-05-26T13:27:18+00:00\",\"breadcrumb\":{\"@id\":\"https:\/\/diazreus.com\/es\/articulos-publicaciones\/#breadcrumb\"},\"inLanguage\":\"es\",\"potentialAction\":[{\"@type\":\"ReadAction\",\"target\":[\"https:\/\/diazreus.com\/es\/articulos-publicaciones\/\"]}]},{\"@type\":\"BreadcrumbList\",\"@id\":\"https:\/\/diazreus.com\/es\/articulos-publicaciones\/#breadcrumb\",\"itemListElement\":[{\"@type\":\"ListItem\",\"position\":1,\"name\":\"Home\",\"item\":\"https:\/\/diazreus.com\/es\/home-espanol\/\"},{\"@type\":\"ListItem\",\"position\":2,\"name\":\"Art\u00edculos &#038; Publicaciones\"}]},{\"@type\":\"WebSite\",\"@id\":\"https:\/\/diazreus.com\/es\/#website\",\"url\":\"https:\/\/diazreus.com\/es\/\",\"name\":\"Diaz Reus\",\"description\":\"\",\"potentialAction\":[{\"@type\":\"SearchAction\",\"target\":{\"@type\":\"EntryPoint\",\"urlTemplate\":\"https:\/\/diazreus.com\/es\/?s={search_term_string}\"},\"query-input\":{\"@type\":\"PropertyValueSpecification\",\"valueRequired\":true,\"valueName\":\"search_term_string\"}}],\"inLanguage\":\"es\"}]}<\/script>\n<!-- \/ Yoast SEO plugin. -->","yoast_head_json":{"title":"Art\u00edculos & Publicaciones - Diaz Reus","robots":{"index":"index","follow":"follow","max-snippet":"max-snippet:-1","max-image-preview":"max-image-preview:large","max-video-preview":"max-video-preview:-1"},"canonical":"https:\/\/diazreus.com\/es\/articulos-publicaciones\/","og_locale":"es_ES","og_type":"article","og_title":"Art\u00edculos & Publicaciones - Diaz Reus","og_description":"Art\u00edculos &#038; Publicaciones Qu\u00e9 pasa con los millones de d\u00f3lares de la corrupci\u00f3n en Venezuela decomisados en EE.UU. \"Es el caso m\u00e1s grande en la historia de Florida bajo la Ley de Pr\u00e1cticas Corruptas en el Extranjero\", dice a BBC Mundo el abogado Michael D\u00edaz, director principal del... 23 de marzo de 2026 Read More Licencia General 52: Autorizaci\u00f3n de ... Read More","og_url":"https:\/\/diazreus.com\/es\/articulos-publicaciones\/","og_site_name":"Diaz Reus","article_modified_time":"2021-05-26T13:27:18+00:00","twitter_card":"summary_large_image","schema":{"@context":"https:\/\/schema.org","@graph":[{"@type":"WebPage","@id":"https:\/\/diazreus.com\/es\/articulos-publicaciones\/","url":"https:\/\/diazreus.com\/es\/articulos-publicaciones\/","name":"Art\u00edculos & Publicaciones - Diaz Reus","isPartOf":{"@id":"https:\/\/diazreus.com\/es\/#website"},"datePublished":"2020-11-04T15:47:37+00:00","dateModified":"2021-05-26T13:27:18+00:00","breadcrumb":{"@id":"https:\/\/diazreus.com\/es\/articulos-publicaciones\/#breadcrumb"},"inLanguage":"es","potentialAction":[{"@type":"ReadAction","target":["https:\/\/diazreus.com\/es\/articulos-publicaciones\/"]}]},{"@type":"BreadcrumbList","@id":"https:\/\/diazreus.com\/es\/articulos-publicaciones\/#breadcrumb","itemListElement":[{"@type":"ListItem","position":1,"name":"Home","item":"https:\/\/diazreus.com\/es\/home-espanol\/"},{"@type":"ListItem","position":2,"name":"Art\u00edculos &#038; Publicaciones"}]},{"@type":"WebSite","@id":"https:\/\/diazreus.com\/es\/#website","url":"https:\/\/diazreus.com\/es\/","name":"Diaz Reus","description":"","potentialAction":[{"@type":"SearchAction","target":{"@type":"EntryPoint","urlTemplate":"https:\/\/diazreus.com\/es\/?s={search_term_string}"},"query-input":{"@type":"PropertyValueSpecification","valueRequired":true,"valueName":"search_term_string"}}],"inLanguage":"es"}]}},"_links":{"self":[{"href":"https:\/\/diazreus.com\/es\/wp-json\/wp\/v2\/pages\/1887","targetHints":{"allow":["GET"]}}],"collection":[{"href":"https:\/\/diazreus.com\/es\/wp-json\/wp\/v2\/pages"}],"about":[{"href":"https:\/\/diazreus.com\/es\/wp-json\/wp\/v2\/types\/page"}],"author":[{"embeddable":true,"href":"https:\/\/diazreus.com\/es\/wp-json\/wp\/v2\/users\/1"}],"replies":[{"embeddable":true,"href":"https:\/\/diazreus.com\/es\/wp-json\/wp\/v2\/comments?post=1887"}],"version-history":[{"count":5,"href":"https:\/\/diazreus.com\/es\/wp-json\/wp\/v2\/pages\/1887\/revisions"}],"predecessor-version":[{"id":11727,"href":"https:\/\/diazreus.com\/es\/wp-json\/wp\/v2\/pages\/1887\/revisions\/11727"}],"wp:attachment":[{"href":"https:\/\/diazreus.com\/es\/wp-json\/wp\/v2\/media?parent=1887"}],"curies":[{"name":"wp","href":"https:\/\/api.w.org\/{rel}","templated":true}]}}