{"id":1807,"date":"2020-11-03T16:26:13","date_gmt":"2020-11-03T16:26:13","guid":{"rendered":"https:\/\/diazreus.com\/?page_id=1807"},"modified":"2021-03-12T19:37:10","modified_gmt":"2021-03-12T19:37:10","slug":"representacion-de-atletas-y-derecho-del-entretenimiento-espectaculos","status":"publish","type":"page","link":"https:\/\/diazreus.com\/es\/areas-de-practica\/representacion-de-atletas-y-derecho-del-entretenimiento-espectaculos\/","title":{"rendered":"Representaci\u00f3n de Atletas y Derecho del Entretenimiento (espect\u00e1culos)"},"content":{"rendered":"<div id=\"cs-content\" class=\"cs-content\"><\/div>\n","protected":false},"excerpt":{"rendered":"<p>&Aacute;reas de Pr&aacute;cticaRepresentaci\u00f3n de Atletas y Derecho del Entretenimiento (espect\u00e1culos)Volver a todas las \u00e1reas de pr\u00e1cticaD\u00edaz Reus ofrece un equipo para proteger todos los aspectos de la carrera, marca personal y asuntos legales relacionados con atletas o artistas. Trabajamos con agilidad, precisi\u00f3n y experiencia para ayudarlo a comprender sus opciones, aprovechar las oportunidades y planificar con anticipaci\u00f3n. Analizaremos los posibles &#8230; <a href=\"https:\/\/diazreus.com\/es\/areas-de-practica\/representacion-de-atletas-y-derecho-del-entretenimiento-espectaculos\/\" class=\"more-link\">Read More<\/a><\/p>\n","protected":false},"author":1,"featured_media":0,"parent":1663,"menu_order":0,"comment_status":"closed","ping_status":"closed","template":"template-blank-4.php","meta":{"_acf_changed":false,"rs_blank_template":"","rs_page_bg_color":"#ffffff","slide_template_v7":"","inline_featured_image":false,"footnotes":""},"class_list":["post-1807","page","type-page","status-publish","hentry","no-post-thumbnail"],"acf":[],"yoast_head":"<!-- This site is optimized with the Yoast SEO plugin v27.3 - https:\/\/yoast.com\/product\/yoast-seo-wordpress\/ -->\n<title>Representaci\u00f3n de Atletas y Derecho del Entretenimiento (espect\u00e1culos) - Diaz Reus<\/title>\n<meta name=\"robots\" content=\"index, follow, max-snippet:-1, max-image-preview:large, max-video-preview:-1\" \/>\n<link rel=\"canonical\" href=\"https:\/\/diazreus.com\/es\/areas-de-practica\/representacion-de-atletas-y-derecho-del-entretenimiento-espectaculos\/\" \/>\n<meta property=\"og:locale\" content=\"es_ES\" \/>\n<meta property=\"og:type\" content=\"article\" \/>\n<meta property=\"og:title\" content=\"Representaci\u00f3n de Atletas y Derecho del Entretenimiento (espect\u00e1culos) - Diaz Reus\" \/>\n<meta property=\"og:description\" content=\"&Aacute;reas de Pr&aacute;cticaRepresentaci\u00f3n de Atletas y Derecho del Entretenimiento (espect\u00e1culos)Volver a todas las \u00e1reas de pr\u00e1cticaD\u00edaz Reus ofrece un equipo para proteger todos los aspectos de la carrera, marca personal y asuntos legales relacionados con atletas o artistas. Trabajamos con agilidad, precisi\u00f3n y experiencia para ayudarlo a comprender sus opciones, aprovechar las oportunidades y planificar con anticipaci\u00f3n. Analizaremos los posibles ... Read More\" \/>\n<meta property=\"og:url\" content=\"https:\/\/diazreus.com\/es\/areas-de-practica\/representacion-de-atletas-y-derecho-del-entretenimiento-espectaculos\/\" \/>\n<meta property=\"og:site_name\" content=\"Diaz Reus\" \/>\n<meta property=\"article:modified_time\" content=\"2021-03-12T19:37:10+00:00\" \/>\n<meta name=\"twitter:card\" content=\"summary_large_image\" \/>\n<meta name=\"twitter:label1\" content=\"Tiempo de lectura\" \/>\n\t<meta name=\"twitter:data1\" content=\"1 minuto\" \/>\n<script type=\"application\/ld+json\" class=\"yoast-schema-graph\">{\"@context\":\"https:\\\/\\\/schema.org\",\"@graph\":[{\"@type\":\"WebPage\",\"@id\":\"https:\\\/\\\/diazreus.com\\\/es\\\/areas-de-practica\\\/representacion-de-atletas-y-derecho-del-entretenimiento-espectaculos\\\/\",\"url\":\"https:\\\/\\\/diazreus.com\\\/es\\\/areas-de-practica\\\/representacion-de-atletas-y-derecho-del-entretenimiento-espectaculos\\\/\",\"name\":\"Representaci\u00f3n de Atletas y Derecho del Entretenimiento (espect\u00e1culos) - Diaz Reus\",\"isPartOf\":{\"@id\":\"https:\\\/\\\/diazreus.com\\\/es\\\/#website\"},\"datePublished\":\"2020-11-03T16:26:13+00:00\",\"dateModified\":\"2021-03-12T19:37:10+00:00\",\"breadcrumb\":{\"@id\":\"https:\\\/\\\/diazreus.com\\\/es\\\/areas-de-practica\\\/representacion-de-atletas-y-derecho-del-entretenimiento-espectaculos\\\/#breadcrumb\"},\"inLanguage\":\"es\",\"potentialAction\":[{\"@type\":\"ReadAction\",\"target\":[\"https:\\\/\\\/diazreus.com\\\/es\\\/areas-de-practica\\\/representacion-de-atletas-y-derecho-del-entretenimiento-espectaculos\\\/\"]}]},{\"@type\":\"BreadcrumbList\",\"@id\":\"https:\\\/\\\/diazreus.com\\\/es\\\/areas-de-practica\\\/representacion-de-atletas-y-derecho-del-entretenimiento-espectaculos\\\/#breadcrumb\",\"itemListElement\":[{\"@type\":\"ListItem\",\"position\":1,\"name\":\"Home\",\"item\":\"https:\\\/\\\/diazreus.com\\\/es\\\/home-espanol\\\/\"},{\"@type\":\"ListItem\",\"position\":2,\"name\":\"\u00c1reas de Pr\u00e1ctica\",\"item\":\"https:\\\/\\\/diazreus.com\\\/es\\\/areas-de-practica\\\/\"},{\"@type\":\"ListItem\",\"position\":3,\"name\":\"Representaci\u00f3n de Atletas y Derecho del Entretenimiento (espect\u00e1culos)\"}]},{\"@type\":\"WebSite\",\"@id\":\"https:\\\/\\\/diazreus.com\\\/es\\\/#website\",\"url\":\"https:\\\/\\\/diazreus.com\\\/es\\\/\",\"name\":\"Diaz Reus\",\"description\":\"\",\"potentialAction\":[{\"@type\":\"SearchAction\",\"target\":{\"@type\":\"EntryPoint\",\"urlTemplate\":\"https:\\\/\\\/diazreus.com\\\/es\\\/?s={search_term_string}\"},\"query-input\":{\"@type\":\"PropertyValueSpecification\",\"valueRequired\":true,\"valueName\":\"search_term_string\"}}],\"inLanguage\":\"es\"}]}<\/script>\n<!-- \/ Yoast SEO plugin. -->","yoast_head_json":{"title":"Representaci\u00f3n de Atletas y Derecho del Entretenimiento (espect\u00e1culos) - Diaz Reus","robots":{"index":"index","follow":"follow","max-snippet":"max-snippet:-1","max-image-preview":"max-image-preview:large","max-video-preview":"max-video-preview:-1"},"canonical":"https:\/\/diazreus.com\/es\/areas-de-practica\/representacion-de-atletas-y-derecho-del-entretenimiento-espectaculos\/","og_locale":"es_ES","og_type":"article","og_title":"Representaci\u00f3n de Atletas y Derecho del Entretenimiento (espect\u00e1culos) - Diaz Reus","og_description":"&Aacute;reas de Pr&aacute;cticaRepresentaci\u00f3n de Atletas y Derecho del Entretenimiento (espect\u00e1culos)Volver a todas las \u00e1reas de pr\u00e1cticaD\u00edaz Reus ofrece un equipo para proteger todos los aspectos de la carrera, marca personal y asuntos legales relacionados con atletas o artistas. Trabajamos con agilidad, precisi\u00f3n y experiencia para ayudarlo a comprender sus opciones, aprovechar las oportunidades y planificar con anticipaci\u00f3n. Analizaremos los posibles ... Read More","og_url":"https:\/\/diazreus.com\/es\/areas-de-practica\/representacion-de-atletas-y-derecho-del-entretenimiento-espectaculos\/","og_site_name":"Diaz Reus","article_modified_time":"2021-03-12T19:37:10+00:00","twitter_card":"summary_large_image","twitter_misc":{"Tiempo de lectura":"1 minuto"},"schema":{"@context":"https:\/\/schema.org","@graph":[{"@type":"WebPage","@id":"https:\/\/diazreus.com\/es\/areas-de-practica\/representacion-de-atletas-y-derecho-del-entretenimiento-espectaculos\/","url":"https:\/\/diazreus.com\/es\/areas-de-practica\/representacion-de-atletas-y-derecho-del-entretenimiento-espectaculos\/","name":"Representaci\u00f3n de Atletas y Derecho del Entretenimiento (espect\u00e1culos) - Diaz Reus","isPartOf":{"@id":"https:\/\/diazreus.com\/es\/#website"},"datePublished":"2020-11-03T16:26:13+00:00","dateModified":"2021-03-12T19:37:10+00:00","breadcrumb":{"@id":"https:\/\/diazreus.com\/es\/areas-de-practica\/representacion-de-atletas-y-derecho-del-entretenimiento-espectaculos\/#breadcrumb"},"inLanguage":"es","potentialAction":[{"@type":"ReadAction","target":["https:\/\/diazreus.com\/es\/areas-de-practica\/representacion-de-atletas-y-derecho-del-entretenimiento-espectaculos\/"]}]},{"@type":"BreadcrumbList","@id":"https:\/\/diazreus.com\/es\/areas-de-practica\/representacion-de-atletas-y-derecho-del-entretenimiento-espectaculos\/#breadcrumb","itemListElement":[{"@type":"ListItem","position":1,"name":"Home","item":"https:\/\/diazreus.com\/es\/home-espanol\/"},{"@type":"ListItem","position":2,"name":"\u00c1reas de Pr\u00e1ctica","item":"https:\/\/diazreus.com\/es\/areas-de-practica\/"},{"@type":"ListItem","position":3,"name":"Representaci\u00f3n de Atletas y Derecho del Entretenimiento (espect\u00e1culos)"}]},{"@type":"WebSite","@id":"https:\/\/diazreus.com\/es\/#website","url":"https:\/\/diazreus.com\/es\/","name":"Diaz Reus","description":"","potentialAction":[{"@type":"SearchAction","target":{"@type":"EntryPoint","urlTemplate":"https:\/\/diazreus.com\/es\/?s={search_term_string}"},"query-input":{"@type":"PropertyValueSpecification","valueRequired":true,"valueName":"search_term_string"}}],"inLanguage":"es"}]}},"_links":{"self":[{"href":"https:\/\/diazreus.com\/es\/wp-json\/wp\/v2\/pages\/1807","targetHints":{"allow":["GET"]}}],"collection":[{"href":"https:\/\/diazreus.com\/es\/wp-json\/wp\/v2\/pages"}],"about":[{"href":"https:\/\/diazreus.com\/es\/wp-json\/wp\/v2\/types\/page"}],"author":[{"embeddable":true,"href":"https:\/\/diazreus.com\/es\/wp-json\/wp\/v2\/users\/1"}],"replies":[{"embeddable":true,"href":"https:\/\/diazreus.com\/es\/wp-json\/wp\/v2\/comments?post=1807"}],"version-history":[{"count":4,"href":"https:\/\/diazreus.com\/es\/wp-json\/wp\/v2\/pages\/1807\/revisions"}],"predecessor-version":[{"id":10552,"href":"https:\/\/diazreus.com\/es\/wp-json\/wp\/v2\/pages\/1807\/revisions\/10552"}],"up":[{"embeddable":true,"href":"https:\/\/diazreus.com\/es\/wp-json\/wp\/v2\/pages\/1663"}],"wp:attachment":[{"href":"https:\/\/diazreus.com\/es\/wp-json\/wp\/v2\/media?parent=1807"}],"curies":[{"name":"wp","href":"https:\/\/api.w.org\/{rel}","templated":true}]}}