{"id":1792,"date":"2020-11-03T16:03:48","date_gmt":"2020-11-03T16:03:48","guid":{"rendered":"https:\/\/diazreus.com\/?page_id=1792"},"modified":"2021-06-25T22:48:55","modified_gmt":"2021-06-25T22:48:55","slug":"drrt","status":"publish","type":"page","link":"https:\/\/diazreus.com\/es\/areas-de-practica\/drrt\/","title":{"rendered":"Recuperaci\u00f3n Global de P\u00e9rdidas"},"content":{"rendered":"<div id=\"cs-content\" class=\"cs-content\"><\/div>\n","protected":false},"excerpt":{"rendered":"<p>&Aacute;reas de Pr&aacute;cticaRecuperaci\u00f3n Global de P\u00e9rdidasVolver a todas las &aacute;reas de pr&aacute;cticaLas oficinas de D\u00edaz Reus a trav\u00e9s de DRRT brindan servicios como financiador de litigios y como figura legal presentando peticiones de liquidaci\u00f3n de demandas colectivas, ayudando a inversores institucionales diversificados globalmente, con la recuperaci\u00f3n de p\u00e9rdidas de inversi\u00f3n, a consecuencia de declaraciones err\u00f3neas por parte de compa\u00f1\u00edas p\u00fablicas. &#8230; <a href=\"https:\/\/diazreus.com\/es\/areas-de-practica\/drrt\/\" class=\"more-link\">Read More<\/a><\/p>\n","protected":false},"author":1,"featured_media":0,"parent":1663,"menu_order":0,"comment_status":"closed","ping_status":"closed","template":"template-blank-4.php","meta":{"_acf_changed":false,"rs_blank_template":"","rs_page_bg_color":"","slide_template_v7":"","inline_featured_image":false,"footnotes":""},"class_list":["post-1792","page","type-page","status-publish","hentry","no-post-thumbnail"],"acf":[],"yoast_head":"<!-- This site is optimized with the Yoast SEO plugin v27.3 - https:\/\/yoast.com\/product\/yoast-seo-wordpress\/ -->\n<title>Recuperaci\u00f3n Global de P\u00e9rdidas - Diaz Reus<\/title>\n<meta name=\"robots\" content=\"index, follow, max-snippet:-1, max-image-preview:large, max-video-preview:-1\" \/>\n<link rel=\"canonical\" href=\"https:\/\/diazreus.com\/es\/areas-de-practica\/drrt\/\" \/>\n<meta property=\"og:locale\" content=\"es_ES\" \/>\n<meta property=\"og:type\" content=\"article\" \/>\n<meta property=\"og:title\" content=\"Recuperaci\u00f3n Global de P\u00e9rdidas - Diaz Reus\" \/>\n<meta property=\"og:description\" content=\"&Aacute;reas de Pr&aacute;cticaRecuperaci\u00f3n Global de P\u00e9rdidasVolver a todas las &aacute;reas de pr&aacute;cticaLas oficinas de D\u00edaz Reus a trav\u00e9s de DRRT brindan servicios como financiador de litigios y como figura legal presentando peticiones de liquidaci\u00f3n de demandas colectivas, ayudando a inversores institucionales diversificados globalmente, con la recuperaci\u00f3n de p\u00e9rdidas de inversi\u00f3n, a consecuencia de declaraciones err\u00f3neas por parte de compa\u00f1\u00edas p\u00fablicas. ... Read More\" \/>\n<meta property=\"og:url\" content=\"https:\/\/diazreus.com\/es\/areas-de-practica\/drrt\/\" \/>\n<meta property=\"og:site_name\" content=\"Diaz Reus\" \/>\n<meta property=\"article:modified_time\" content=\"2021-06-25T22:48:55+00:00\" \/>\n<meta name=\"twitter:card\" content=\"summary_large_image\" \/>\n<meta name=\"twitter:label1\" content=\"Tiempo de lectura\" \/>\n\t<meta name=\"twitter:data1\" content=\"2 minutos\" \/>\n<script type=\"application\/ld+json\" class=\"yoast-schema-graph\">{\"@context\":\"https:\\\/\\\/schema.org\",\"@graph\":[{\"@type\":\"WebPage\",\"@id\":\"https:\\\/\\\/diazreus.com\\\/es\\\/areas-de-practica\\\/drrt\\\/\",\"url\":\"https:\\\/\\\/diazreus.com\\\/es\\\/areas-de-practica\\\/drrt\\\/\",\"name\":\"Recuperaci\u00f3n Global de P\u00e9rdidas - Diaz Reus\",\"isPartOf\":{\"@id\":\"https:\\\/\\\/diazreus.com\\\/es\\\/#website\"},\"datePublished\":\"2020-11-03T16:03:48+00:00\",\"dateModified\":\"2021-06-25T22:48:55+00:00\",\"breadcrumb\":{\"@id\":\"https:\\\/\\\/diazreus.com\\\/es\\\/areas-de-practica\\\/drrt\\\/#breadcrumb\"},\"inLanguage\":\"es\",\"potentialAction\":[{\"@type\":\"ReadAction\",\"target\":[\"https:\\\/\\\/diazreus.com\\\/es\\\/areas-de-practica\\\/drrt\\\/\"]}]},{\"@type\":\"BreadcrumbList\",\"@id\":\"https:\\\/\\\/diazreus.com\\\/es\\\/areas-de-practica\\\/drrt\\\/#breadcrumb\",\"itemListElement\":[{\"@type\":\"ListItem\",\"position\":1,\"name\":\"Home\",\"item\":\"https:\\\/\\\/diazreus.com\\\/es\\\/home-espanol\\\/\"},{\"@type\":\"ListItem\",\"position\":2,\"name\":\"\u00c1reas de Pr\u00e1ctica\",\"item\":\"https:\\\/\\\/diazreus.com\\\/es\\\/areas-de-practica\\\/\"},{\"@type\":\"ListItem\",\"position\":3,\"name\":\"Recuperaci\u00f3n Global de P\u00e9rdidas\"}]},{\"@type\":\"WebSite\",\"@id\":\"https:\\\/\\\/diazreus.com\\\/es\\\/#website\",\"url\":\"https:\\\/\\\/diazreus.com\\\/es\\\/\",\"name\":\"Diaz Reus\",\"description\":\"\",\"potentialAction\":[{\"@type\":\"SearchAction\",\"target\":{\"@type\":\"EntryPoint\",\"urlTemplate\":\"https:\\\/\\\/diazreus.com\\\/es\\\/?s={search_term_string}\"},\"query-input\":{\"@type\":\"PropertyValueSpecification\",\"valueRequired\":true,\"valueName\":\"search_term_string\"}}],\"inLanguage\":\"es\"}]}<\/script>\n<!-- \/ Yoast SEO plugin. -->","yoast_head_json":{"title":"Recuperaci\u00f3n Global de P\u00e9rdidas - Diaz Reus","robots":{"index":"index","follow":"follow","max-snippet":"max-snippet:-1","max-image-preview":"max-image-preview:large","max-video-preview":"max-video-preview:-1"},"canonical":"https:\/\/diazreus.com\/es\/areas-de-practica\/drrt\/","og_locale":"es_ES","og_type":"article","og_title":"Recuperaci\u00f3n Global de P\u00e9rdidas - Diaz Reus","og_description":"&Aacute;reas de Pr&aacute;cticaRecuperaci\u00f3n Global de P\u00e9rdidasVolver a todas las &aacute;reas de pr&aacute;cticaLas oficinas de D\u00edaz Reus a trav\u00e9s de DRRT brindan servicios como financiador de litigios y como figura legal presentando peticiones de liquidaci\u00f3n de demandas colectivas, ayudando a inversores institucionales diversificados globalmente, con la recuperaci\u00f3n de p\u00e9rdidas de inversi\u00f3n, a consecuencia de declaraciones err\u00f3neas por parte de compa\u00f1\u00edas p\u00fablicas. ... Read More","og_url":"https:\/\/diazreus.com\/es\/areas-de-practica\/drrt\/","og_site_name":"Diaz Reus","article_modified_time":"2021-06-25T22:48:55+00:00","twitter_card":"summary_large_image","twitter_misc":{"Tiempo de lectura":"2 minutos"},"schema":{"@context":"https:\/\/schema.org","@graph":[{"@type":"WebPage","@id":"https:\/\/diazreus.com\/es\/areas-de-practica\/drrt\/","url":"https:\/\/diazreus.com\/es\/areas-de-practica\/drrt\/","name":"Recuperaci\u00f3n Global de P\u00e9rdidas - Diaz Reus","isPartOf":{"@id":"https:\/\/diazreus.com\/es\/#website"},"datePublished":"2020-11-03T16:03:48+00:00","dateModified":"2021-06-25T22:48:55+00:00","breadcrumb":{"@id":"https:\/\/diazreus.com\/es\/areas-de-practica\/drrt\/#breadcrumb"},"inLanguage":"es","potentialAction":[{"@type":"ReadAction","target":["https:\/\/diazreus.com\/es\/areas-de-practica\/drrt\/"]}]},{"@type":"BreadcrumbList","@id":"https:\/\/diazreus.com\/es\/areas-de-practica\/drrt\/#breadcrumb","itemListElement":[{"@type":"ListItem","position":1,"name":"Home","item":"https:\/\/diazreus.com\/es\/home-espanol\/"},{"@type":"ListItem","position":2,"name":"\u00c1reas de Pr\u00e1ctica","item":"https:\/\/diazreus.com\/es\/areas-de-practica\/"},{"@type":"ListItem","position":3,"name":"Recuperaci\u00f3n Global de P\u00e9rdidas"}]},{"@type":"WebSite","@id":"https:\/\/diazreus.com\/es\/#website","url":"https:\/\/diazreus.com\/es\/","name":"Diaz Reus","description":"","potentialAction":[{"@type":"SearchAction","target":{"@type":"EntryPoint","urlTemplate":"https:\/\/diazreus.com\/es\/?s={search_term_string}"},"query-input":{"@type":"PropertyValueSpecification","valueRequired":true,"valueName":"search_term_string"}}],"inLanguage":"es"}]}},"_links":{"self":[{"href":"https:\/\/diazreus.com\/es\/wp-json\/wp\/v2\/pages\/1792","targetHints":{"allow":["GET"]}}],"collection":[{"href":"https:\/\/diazreus.com\/es\/wp-json\/wp\/v2\/pages"}],"about":[{"href":"https:\/\/diazreus.com\/es\/wp-json\/wp\/v2\/types\/page"}],"author":[{"embeddable":true,"href":"https:\/\/diazreus.com\/es\/wp-json\/wp\/v2\/users\/1"}],"replies":[{"embeddable":true,"href":"https:\/\/diazreus.com\/es\/wp-json\/wp\/v2\/comments?post=1792"}],"version-history":[{"count":5,"href":"https:\/\/diazreus.com\/es\/wp-json\/wp\/v2\/pages\/1792\/revisions"}],"predecessor-version":[{"id":18462,"href":"https:\/\/diazreus.com\/es\/wp-json\/wp\/v2\/pages\/1792\/revisions\/18462"}],"up":[{"embeddable":true,"href":"https:\/\/diazreus.com\/es\/wp-json\/wp\/v2\/pages\/1663"}],"wp:attachment":[{"href":"https:\/\/diazreus.com\/es\/wp-json\/wp\/v2\/media?parent=1792"}],"curies":[{"name":"wp","href":"https:\/\/api.w.org\/{rel}","templated":true}]}}