{"id":1767,"date":"2020-11-03T14:48:11","date_gmt":"2020-11-03T14:48:11","guid":{"rendered":"https:\/\/diazreus.com\/?page_id=1767"},"modified":"2020-11-17T21:28:25","modified_gmt":"2020-11-17T21:28:25","slug":"corporate-ma-es","status":"publish","type":"page","link":"https:\/\/diazreus.com\/es\/areas-de-practica\/corporate-ma-es\/","title":{"rendered":"Corporate \/ M&#038;A"},"content":{"rendered":"<div id=\"cs-content\" class=\"cs-content\"><\/div>\n","protected":false},"excerpt":{"rendered":"<p>\u00c1reas de Pr\u00e1cticaCorporate \/ M&#038;AVolver a todas las \u00e1reas de pr\u00e1cticaLos abogados de D\u00edaz Reus poseen un dominio en las \u00e1reas de fusiones y adquisiciones, empresas conjuntas, inversiones estrat\u00e9gicas, reorganizaciones, as\u00ed como temas relacionados con el gobierno corporativo y la responsabilidad fiduciaria de directores y funcionarios. Nuestra amplia experiencia a lo largo de las industrias, continentes y volumen negocios, es &#8230; <a href=\"https:\/\/diazreus.com\/es\/areas-de-practica\/corporate-ma-es\/\" class=\"more-link\">Read More<\/a><\/p>\n","protected":false},"author":1,"featured_media":0,"parent":1663,"menu_order":0,"comment_status":"closed","ping_status":"closed","template":"template-blank-4.php","meta":{"_acf_changed":false,"rs_blank_template":"","rs_page_bg_color":"#ffffff","slide_template_v7":"","inline_featured_image":false,"footnotes":""},"class_list":["post-1767","page","type-page","status-publish","hentry","no-post-thumbnail"],"acf":[],"yoast_head":"<!-- This site is optimized with the Yoast SEO plugin v27.4 - https:\/\/yoast.com\/product\/yoast-seo-wordpress\/ -->\n<title>Corporate \/ M&amp;A - Diaz Reus<\/title>\n<meta name=\"robots\" content=\"index, follow, max-snippet:-1, max-image-preview:large, max-video-preview:-1\" \/>\n<link rel=\"canonical\" href=\"https:\/\/diazreus.com\/es\/areas-de-practica\/corporate-ma-es\/\" \/>\n<meta property=\"og:locale\" content=\"es_ES\" \/>\n<meta property=\"og:type\" content=\"article\" \/>\n<meta property=\"og:title\" content=\"Corporate \/ M&amp;A - Diaz Reus\" \/>\n<meta property=\"og:description\" content=\"\u00c1reas de Pr\u00e1cticaCorporate \/ M&#038;AVolver a todas las \u00e1reas de pr\u00e1cticaLos abogados de D\u00edaz Reus poseen un dominio en las \u00e1reas de fusiones y adquisiciones, empresas conjuntas, inversiones estrat\u00e9gicas, reorganizaciones, as\u00ed como temas relacionados con el gobierno corporativo y la responsabilidad fiduciaria de directores y funcionarios. Nuestra amplia experiencia a lo largo de las industrias, continentes y volumen negocios, es ... Read More\" \/>\n<meta property=\"og:url\" content=\"https:\/\/diazreus.com\/es\/areas-de-practica\/corporate-ma-es\/\" \/>\n<meta property=\"og:site_name\" content=\"Diaz Reus\" \/>\n<meta property=\"article:modified_time\" content=\"2020-11-17T21:28:25+00:00\" \/>\n<meta name=\"twitter:card\" content=\"summary_large_image\" \/>\n<meta name=\"twitter:label1\" content=\"Tiempo de lectura\" \/>\n\t<meta name=\"twitter:data1\" content=\"2 minutos\" \/>\n<script type=\"application\/ld+json\" class=\"yoast-schema-graph\">{\"@context\":\"https:\\\/\\\/schema.org\",\"@graph\":[{\"@type\":\"WebPage\",\"@id\":\"https:\\\/\\\/diazreus.com\\\/es\\\/areas-de-practica\\\/corporate-ma-es\\\/\",\"url\":\"https:\\\/\\\/diazreus.com\\\/es\\\/areas-de-practica\\\/corporate-ma-es\\\/\",\"name\":\"Corporate \\\/ M&A - Diaz Reus\",\"isPartOf\":{\"@id\":\"https:\\\/\\\/diazreus.com\\\/es\\\/#website\"},\"datePublished\":\"2020-11-03T14:48:11+00:00\",\"dateModified\":\"2020-11-17T21:28:25+00:00\",\"breadcrumb\":{\"@id\":\"https:\\\/\\\/diazreus.com\\\/es\\\/areas-de-practica\\\/corporate-ma-es\\\/#breadcrumb\"},\"inLanguage\":\"es\",\"potentialAction\":[{\"@type\":\"ReadAction\",\"target\":[\"https:\\\/\\\/diazreus.com\\\/es\\\/areas-de-practica\\\/corporate-ma-es\\\/\"]}]},{\"@type\":\"BreadcrumbList\",\"@id\":\"https:\\\/\\\/diazreus.com\\\/es\\\/areas-de-practica\\\/corporate-ma-es\\\/#breadcrumb\",\"itemListElement\":[{\"@type\":\"ListItem\",\"position\":1,\"name\":\"Home\",\"item\":\"https:\\\/\\\/diazreus.com\\\/es\\\/home-espanol\\\/\"},{\"@type\":\"ListItem\",\"position\":2,\"name\":\"\u00c1reas de Pr\u00e1ctica\",\"item\":\"https:\\\/\\\/diazreus.com\\\/es\\\/areas-de-practica\\\/\"},{\"@type\":\"ListItem\",\"position\":3,\"name\":\"Corporate \\\/ M&#038;A\"}]},{\"@type\":\"WebSite\",\"@id\":\"https:\\\/\\\/diazreus.com\\\/es\\\/#website\",\"url\":\"https:\\\/\\\/diazreus.com\\\/es\\\/\",\"name\":\"Diaz Reus\",\"description\":\"\",\"potentialAction\":[{\"@type\":\"SearchAction\",\"target\":{\"@type\":\"EntryPoint\",\"urlTemplate\":\"https:\\\/\\\/diazreus.com\\\/es\\\/?s={search_term_string}\"},\"query-input\":{\"@type\":\"PropertyValueSpecification\",\"valueRequired\":true,\"valueName\":\"search_term_string\"}}],\"inLanguage\":\"es\"}]}<\/script>\n<!-- \/ Yoast SEO plugin. -->","yoast_head_json":{"title":"Corporate \/ M&A - Diaz Reus","robots":{"index":"index","follow":"follow","max-snippet":"max-snippet:-1","max-image-preview":"max-image-preview:large","max-video-preview":"max-video-preview:-1"},"canonical":"https:\/\/diazreus.com\/es\/areas-de-practica\/corporate-ma-es\/","og_locale":"es_ES","og_type":"article","og_title":"Corporate \/ M&A - Diaz Reus","og_description":"\u00c1reas de Pr\u00e1cticaCorporate \/ M&#038;AVolver a todas las \u00e1reas de pr\u00e1cticaLos abogados de D\u00edaz Reus poseen un dominio en las \u00e1reas de fusiones y adquisiciones, empresas conjuntas, inversiones estrat\u00e9gicas, reorganizaciones, as\u00ed como temas relacionados con el gobierno corporativo y la responsabilidad fiduciaria de directores y funcionarios. Nuestra amplia experiencia a lo largo de las industrias, continentes y volumen negocios, es ... Read More","og_url":"https:\/\/diazreus.com\/es\/areas-de-practica\/corporate-ma-es\/","og_site_name":"Diaz Reus","article_modified_time":"2020-11-17T21:28:25+00:00","twitter_card":"summary_large_image","twitter_misc":{"Tiempo de lectura":"2 minutos"},"schema":{"@context":"https:\/\/schema.org","@graph":[{"@type":"WebPage","@id":"https:\/\/diazreus.com\/es\/areas-de-practica\/corporate-ma-es\/","url":"https:\/\/diazreus.com\/es\/areas-de-practica\/corporate-ma-es\/","name":"Corporate \/ M&A - Diaz Reus","isPartOf":{"@id":"https:\/\/diazreus.com\/es\/#website"},"datePublished":"2020-11-03T14:48:11+00:00","dateModified":"2020-11-17T21:28:25+00:00","breadcrumb":{"@id":"https:\/\/diazreus.com\/es\/areas-de-practica\/corporate-ma-es\/#breadcrumb"},"inLanguage":"es","potentialAction":[{"@type":"ReadAction","target":["https:\/\/diazreus.com\/es\/areas-de-practica\/corporate-ma-es\/"]}]},{"@type":"BreadcrumbList","@id":"https:\/\/diazreus.com\/es\/areas-de-practica\/corporate-ma-es\/#breadcrumb","itemListElement":[{"@type":"ListItem","position":1,"name":"Home","item":"https:\/\/diazreus.com\/es\/home-espanol\/"},{"@type":"ListItem","position":2,"name":"\u00c1reas de Pr\u00e1ctica","item":"https:\/\/diazreus.com\/es\/areas-de-practica\/"},{"@type":"ListItem","position":3,"name":"Corporate \/ M&#038;A"}]},{"@type":"WebSite","@id":"https:\/\/diazreus.com\/es\/#website","url":"https:\/\/diazreus.com\/es\/","name":"Diaz Reus","description":"","potentialAction":[{"@type":"SearchAction","target":{"@type":"EntryPoint","urlTemplate":"https:\/\/diazreus.com\/es\/?s={search_term_string}"},"query-input":{"@type":"PropertyValueSpecification","valueRequired":true,"valueName":"search_term_string"}}],"inLanguage":"es"}]}},"_links":{"self":[{"href":"https:\/\/diazreus.com\/es\/wp-json\/wp\/v2\/pages\/1767","targetHints":{"allow":["GET"]}}],"collection":[{"href":"https:\/\/diazreus.com\/es\/wp-json\/wp\/v2\/pages"}],"about":[{"href":"https:\/\/diazreus.com\/es\/wp-json\/wp\/v2\/types\/page"}],"author":[{"embeddable":true,"href":"https:\/\/diazreus.com\/es\/wp-json\/wp\/v2\/users\/1"}],"replies":[{"embeddable":true,"href":"https:\/\/diazreus.com\/es\/wp-json\/wp\/v2\/comments?post=1767"}],"version-history":[{"count":5,"href":"https:\/\/diazreus.com\/es\/wp-json\/wp\/v2\/pages\/1767\/revisions"}],"predecessor-version":[{"id":2727,"href":"https:\/\/diazreus.com\/es\/wp-json\/wp\/v2\/pages\/1767\/revisions\/2727"}],"up":[{"embeddable":true,"href":"https:\/\/diazreus.com\/es\/wp-json\/wp\/v2\/pages\/1663"}],"wp:attachment":[{"href":"https:\/\/diazreus.com\/es\/wp-json\/wp\/v2\/media?parent=1767"}],"curies":[{"name":"wp","href":"https:\/\/api.w.org\/{rel}","templated":true}]}}