{"id":1628,"date":"2020-10-29T19:41:32","date_gmt":"2020-10-29T19:41:32","guid":{"rendered":"https:\/\/diazreus.com\/?page_id=1628"},"modified":"2025-10-15T23:00:48","modified_gmt":"2025-10-15T23:00:48","slug":"honores-y-reconocimientos","status":"publish","type":"page","link":"https:\/\/diazreus.com\/es\/honores-y-reconocimientos\/","title":{"rendered":"Honores y Reconocimientos"},"content":{"rendered":"<div id=\"cs-content\" class=\"cs-content\"><\/div>\n","protected":false},"excerpt":{"rendered":"<p>NosotrosHonores y ReconocimientosD\u00edaz Reus mantiene posiciones de liderazgo en organizaciones profesionales y comunitarias, y es reconocido por sus habilidades, su profesionalismo y sus altos est\u00e1ndares \u00e9ticos, los cuales tambi\u00e9n se reflejan en un producto jur\u00eddico de primera calidad, y en los valores y servicios por los que la firma es reconocida. \u201cConfiables, receptivos y razonables. Son consistentemente buenos.\u201d &#8211; Testimonio &#8230; <a href=\"https:\/\/diazreus.com\/es\/honores-y-reconocimientos\/\" class=\"more-link\">Read More<\/a><\/p>\n","protected":false},"author":1,"featured_media":0,"parent":0,"menu_order":0,"comment_status":"closed","ping_status":"closed","template":"template-blank-4.php","meta":{"_acf_changed":false,"rs_blank_template":"","rs_page_bg_color":"#ffffff","slide_template_v7":"","inline_featured_image":false,"footnotes":""},"class_list":["post-1628","page","type-page","status-publish","hentry","no-post-thumbnail"],"acf":[],"yoast_head":"<!-- This site is optimized with the Yoast SEO plugin v27.2 - https:\/\/yoast.com\/product\/yoast-seo-wordpress\/ -->\n<title>Honores y Reconocimientos - Diaz Reus<\/title>\n<meta name=\"robots\" content=\"index, follow, max-snippet:-1, max-image-preview:large, max-video-preview:-1\" \/>\n<link rel=\"canonical\" href=\"https:\/\/diazreus.com\/es\/honores-y-reconocimientos\/\" \/>\n<meta property=\"og:locale\" content=\"es_ES\" \/>\n<meta property=\"og:type\" content=\"article\" \/>\n<meta property=\"og:title\" content=\"Honores y Reconocimientos - Diaz Reus\" \/>\n<meta property=\"og:description\" content=\"NosotrosHonores y ReconocimientosD\u00edaz Reus mantiene posiciones de liderazgo en organizaciones profesionales y comunitarias, y es reconocido por sus habilidades, su profesionalismo y sus altos est\u00e1ndares \u00e9ticos, los cuales tambi\u00e9n se reflejan en un producto jur\u00eddico de primera calidad, y en los valores y servicios por los que la firma es reconocida. \u201cConfiables, receptivos y razonables. Son consistentemente buenos.\u201d - Testimonio ... Read More\" \/>\n<meta property=\"og:url\" content=\"https:\/\/diazreus.com\/es\/honores-y-reconocimientos\/\" \/>\n<meta property=\"og:site_name\" content=\"Diaz Reus\" \/>\n<meta property=\"article:modified_time\" content=\"2025-10-15T23:00:48+00:00\" \/>\n<meta name=\"twitter:card\" content=\"summary_large_image\" \/>\n<meta name=\"twitter:label1\" content=\"Tiempo de lectura\" \/>\n\t<meta name=\"twitter:data1\" content=\"4 minutos\" \/>\n<script type=\"application\/ld+json\" class=\"yoast-schema-graph\">{\"@context\":\"https:\/\/schema.org\",\"@graph\":[{\"@type\":\"WebPage\",\"@id\":\"https:\/\/diazreus.com\/es\/honores-y-reconocimientos\/\",\"url\":\"https:\/\/diazreus.com\/es\/honores-y-reconocimientos\/\",\"name\":\"Honores y Reconocimientos - Diaz Reus\",\"isPartOf\":{\"@id\":\"https:\/\/diazreus.com\/es\/#website\"},\"datePublished\":\"2020-10-29T19:41:32+00:00\",\"dateModified\":\"2025-10-15T23:00:48+00:00\",\"breadcrumb\":{\"@id\":\"https:\/\/diazreus.com\/es\/honores-y-reconocimientos\/#breadcrumb\"},\"inLanguage\":\"es\",\"potentialAction\":[{\"@type\":\"ReadAction\",\"target\":[\"https:\/\/diazreus.com\/es\/honores-y-reconocimientos\/\"]}]},{\"@type\":\"BreadcrumbList\",\"@id\":\"https:\/\/diazreus.com\/es\/honores-y-reconocimientos\/#breadcrumb\",\"itemListElement\":[{\"@type\":\"ListItem\",\"position\":1,\"name\":\"Home\",\"item\":\"https:\/\/diazreus.com\/es\/home-espanol\/\"},{\"@type\":\"ListItem\",\"position\":2,\"name\":\"Honores y Reconocimientos\"}]},{\"@type\":\"WebSite\",\"@id\":\"https:\/\/diazreus.com\/es\/#website\",\"url\":\"https:\/\/diazreus.com\/es\/\",\"name\":\"Diaz Reus\",\"description\":\"\",\"potentialAction\":[{\"@type\":\"SearchAction\",\"target\":{\"@type\":\"EntryPoint\",\"urlTemplate\":\"https:\/\/diazreus.com\/es\/?s={search_term_string}\"},\"query-input\":{\"@type\":\"PropertyValueSpecification\",\"valueRequired\":true,\"valueName\":\"search_term_string\"}}],\"inLanguage\":\"es\"}]}<\/script>\n<!-- \/ Yoast SEO plugin. -->","yoast_head_json":{"title":"Honores y Reconocimientos - Diaz Reus","robots":{"index":"index","follow":"follow","max-snippet":"max-snippet:-1","max-image-preview":"max-image-preview:large","max-video-preview":"max-video-preview:-1"},"canonical":"https:\/\/diazreus.com\/es\/honores-y-reconocimientos\/","og_locale":"es_ES","og_type":"article","og_title":"Honores y Reconocimientos - Diaz Reus","og_description":"NosotrosHonores y ReconocimientosD\u00edaz Reus mantiene posiciones de liderazgo en organizaciones profesionales y comunitarias, y es reconocido por sus habilidades, su profesionalismo y sus altos est\u00e1ndares \u00e9ticos, los cuales tambi\u00e9n se reflejan en un producto jur\u00eddico de primera calidad, y en los valores y servicios por los que la firma es reconocida. \u201cConfiables, receptivos y razonables. Son consistentemente buenos.\u201d - Testimonio ... Read More","og_url":"https:\/\/diazreus.com\/es\/honores-y-reconocimientos\/","og_site_name":"Diaz Reus","article_modified_time":"2025-10-15T23:00:48+00:00","twitter_card":"summary_large_image","twitter_misc":{"Tiempo de lectura":"4 minutos"},"schema":{"@context":"https:\/\/schema.org","@graph":[{"@type":"WebPage","@id":"https:\/\/diazreus.com\/es\/honores-y-reconocimientos\/","url":"https:\/\/diazreus.com\/es\/honores-y-reconocimientos\/","name":"Honores y Reconocimientos - Diaz Reus","isPartOf":{"@id":"https:\/\/diazreus.com\/es\/#website"},"datePublished":"2020-10-29T19:41:32+00:00","dateModified":"2025-10-15T23:00:48+00:00","breadcrumb":{"@id":"https:\/\/diazreus.com\/es\/honores-y-reconocimientos\/#breadcrumb"},"inLanguage":"es","potentialAction":[{"@type":"ReadAction","target":["https:\/\/diazreus.com\/es\/honores-y-reconocimientos\/"]}]},{"@type":"BreadcrumbList","@id":"https:\/\/diazreus.com\/es\/honores-y-reconocimientos\/#breadcrumb","itemListElement":[{"@type":"ListItem","position":1,"name":"Home","item":"https:\/\/diazreus.com\/es\/home-espanol\/"},{"@type":"ListItem","position":2,"name":"Honores y Reconocimientos"}]},{"@type":"WebSite","@id":"https:\/\/diazreus.com\/es\/#website","url":"https:\/\/diazreus.com\/es\/","name":"Diaz Reus","description":"","potentialAction":[{"@type":"SearchAction","target":{"@type":"EntryPoint","urlTemplate":"https:\/\/diazreus.com\/es\/?s={search_term_string}"},"query-input":{"@type":"PropertyValueSpecification","valueRequired":true,"valueName":"search_term_string"}}],"inLanguage":"es"}]}},"_links":{"self":[{"href":"https:\/\/diazreus.com\/es\/wp-json\/wp\/v2\/pages\/1628","targetHints":{"allow":["GET"]}}],"collection":[{"href":"https:\/\/diazreus.com\/es\/wp-json\/wp\/v2\/pages"}],"about":[{"href":"https:\/\/diazreus.com\/es\/wp-json\/wp\/v2\/types\/page"}],"author":[{"embeddable":true,"href":"https:\/\/diazreus.com\/es\/wp-json\/wp\/v2\/users\/1"}],"replies":[{"embeddable":true,"href":"https:\/\/diazreus.com\/es\/wp-json\/wp\/v2\/comments?post=1628"}],"version-history":[{"count":33,"href":"https:\/\/diazreus.com\/es\/wp-json\/wp\/v2\/pages\/1628\/revisions"}],"predecessor-version":[{"id":24902,"href":"https:\/\/diazreus.com\/es\/wp-json\/wp\/v2\/pages\/1628\/revisions\/24902"}],"wp:attachment":[{"href":"https:\/\/diazreus.com\/es\/wp-json\/wp\/v2\/media?parent=1628"}],"curies":[{"name":"wp","href":"https:\/\/api.w.org\/{rel}","templated":true}]}}