{"id":1600,"date":"2020-10-29T17:02:20","date_gmt":"2020-10-29T17:02:20","guid":{"rendered":"https:\/\/diazreus.com\/?page_id=1600"},"modified":"2022-12-01T14:44:49","modified_gmt":"2022-12-01T14:44:49","slug":"inmigracion-revocacion-y-recuperacion-de-visas","status":"publish","type":"page","link":"https:\/\/diazreus.com\/es\/casos-representativos\/inmigracion-revocacion-y-recuperacion-de-visas\/","title":{"rendered":"Inmigraci\u00f3n \/ revocaci\u00f3n y recuperaci\u00f3n de visas"},"content":{"rendered":"<div id=\"cs-content\" class=\"cs-content\"><\/div>\n","protected":false},"excerpt":{"rendered":"<p>Casos RepresentativosInmigraci\u00f3n \/ revocaci\u00f3n y recuperaci\u00f3n de visasVolver a todos los casos representativos\u2013 Aprobaci\u00f3n de un Centro Regional EB-5 en el Pacifico Noroeste de EE.UU. con base en dos proyectos con acumulaci\u00f3n de capital combinado de m\u00e1s de $500 millones y un levantamiento de capital EB-5 esperado de m\u00e1s $250 millones. \u2013 Aprobaci\u00f3n de un Centro Regional EB-5 en la &#8230; <a href=\"https:\/\/diazreus.com\/es\/casos-representativos\/inmigracion-revocacion-y-recuperacion-de-visas\/\" class=\"more-link\">Read More<\/a><\/p>\n","protected":false},"author":1,"featured_media":0,"parent":1451,"menu_order":0,"comment_status":"closed","ping_status":"closed","template":"template-blank-4.php","meta":{"_acf_changed":false,"rs_blank_template":"","rs_page_bg_color":"#ffffff","slide_template_v7":"","inline_featured_image":false,"footnotes":""},"class_list":["post-1600","page","type-page","status-publish","hentry","no-post-thumbnail"],"acf":[],"yoast_head":"<!-- This site is optimized with the Yoast SEO plugin v27.2 - https:\/\/yoast.com\/product\/yoast-seo-wordpress\/ -->\n<title>Inmigraci\u00f3n \/ revocaci\u00f3n y recuperaci\u00f3n de visas - Diaz Reus<\/title>\n<meta name=\"robots\" content=\"index, follow, max-snippet:-1, max-image-preview:large, max-video-preview:-1\" \/>\n<link rel=\"canonical\" href=\"https:\/\/diazreus.com\/es\/casos-representativos\/inmigracion-revocacion-y-recuperacion-de-visas\/\" \/>\n<meta property=\"og:locale\" content=\"es_ES\" \/>\n<meta property=\"og:type\" content=\"article\" \/>\n<meta property=\"og:title\" content=\"Inmigraci\u00f3n \/ revocaci\u00f3n y recuperaci\u00f3n de visas - Diaz Reus\" \/>\n<meta property=\"og:description\" content=\"Casos RepresentativosInmigraci\u00f3n \/ revocaci\u00f3n y recuperaci\u00f3n de visasVolver a todos los casos representativos\u2013 Aprobaci\u00f3n de un Centro Regional EB-5 en el Pacifico Noroeste de EE.UU. con base en dos proyectos con acumulaci\u00f3n de capital combinado de m\u00e1s de $500 millones y un levantamiento de capital EB-5 esperado de m\u00e1s $250 millones. \u2013 Aprobaci\u00f3n de un Centro Regional EB-5 en la ... Read More\" \/>\n<meta property=\"og:url\" content=\"https:\/\/diazreus.com\/es\/casos-representativos\/inmigracion-revocacion-y-recuperacion-de-visas\/\" \/>\n<meta property=\"og:site_name\" content=\"Diaz Reus\" \/>\n<meta property=\"article:modified_time\" content=\"2022-12-01T14:44:49+00:00\" \/>\n<meta name=\"twitter:card\" content=\"summary_large_image\" \/>\n<meta name=\"twitter:label1\" content=\"Tiempo de lectura\" \/>\n\t<meta name=\"twitter:data1\" content=\"1 minuto\" \/>\n<script type=\"application\/ld+json\" class=\"yoast-schema-graph\">{\"@context\":\"https:\/\/schema.org\",\"@graph\":[{\"@type\":\"WebPage\",\"@id\":\"https:\/\/diazreus.com\/es\/casos-representativos\/inmigracion-revocacion-y-recuperacion-de-visas\/\",\"url\":\"https:\/\/diazreus.com\/es\/casos-representativos\/inmigracion-revocacion-y-recuperacion-de-visas\/\",\"name\":\"Inmigraci\u00f3n \/ revocaci\u00f3n y recuperaci\u00f3n de visas - Diaz Reus\",\"isPartOf\":{\"@id\":\"https:\/\/diazreus.com\/es\/#website\"},\"datePublished\":\"2020-10-29T17:02:20+00:00\",\"dateModified\":\"2022-12-01T14:44:49+00:00\",\"breadcrumb\":{\"@id\":\"https:\/\/diazreus.com\/es\/casos-representativos\/inmigracion-revocacion-y-recuperacion-de-visas\/#breadcrumb\"},\"inLanguage\":\"es\",\"potentialAction\":[{\"@type\":\"ReadAction\",\"target\":[\"https:\/\/diazreus.com\/es\/casos-representativos\/inmigracion-revocacion-y-recuperacion-de-visas\/\"]}]},{\"@type\":\"BreadcrumbList\",\"@id\":\"https:\/\/diazreus.com\/es\/casos-representativos\/inmigracion-revocacion-y-recuperacion-de-visas\/#breadcrumb\",\"itemListElement\":[{\"@type\":\"ListItem\",\"position\":1,\"name\":\"Home\",\"item\":\"https:\/\/diazreus.com\/es\/home-espanol\/\"},{\"@type\":\"ListItem\",\"position\":2,\"name\":\"Casos Representativos\",\"item\":\"https:\/\/diazreus.com\/es\/casos-representativos\/\"},{\"@type\":\"ListItem\",\"position\":3,\"name\":\"Inmigraci\u00f3n \/ revocaci\u00f3n y recuperaci\u00f3n de visas\"}]},{\"@type\":\"WebSite\",\"@id\":\"https:\/\/diazreus.com\/es\/#website\",\"url\":\"https:\/\/diazreus.com\/es\/\",\"name\":\"Diaz Reus\",\"description\":\"\",\"potentialAction\":[{\"@type\":\"SearchAction\",\"target\":{\"@type\":\"EntryPoint\",\"urlTemplate\":\"https:\/\/diazreus.com\/es\/?s={search_term_string}\"},\"query-input\":{\"@type\":\"PropertyValueSpecification\",\"valueRequired\":true,\"valueName\":\"search_term_string\"}}],\"inLanguage\":\"es\"}]}<\/script>\n<!-- \/ Yoast SEO plugin. -->","yoast_head_json":{"title":"Inmigraci\u00f3n \/ revocaci\u00f3n y recuperaci\u00f3n de visas - Diaz Reus","robots":{"index":"index","follow":"follow","max-snippet":"max-snippet:-1","max-image-preview":"max-image-preview:large","max-video-preview":"max-video-preview:-1"},"canonical":"https:\/\/diazreus.com\/es\/casos-representativos\/inmigracion-revocacion-y-recuperacion-de-visas\/","og_locale":"es_ES","og_type":"article","og_title":"Inmigraci\u00f3n \/ revocaci\u00f3n y recuperaci\u00f3n de visas - Diaz Reus","og_description":"Casos RepresentativosInmigraci\u00f3n \/ revocaci\u00f3n y recuperaci\u00f3n de visasVolver a todos los casos representativos\u2013 Aprobaci\u00f3n de un Centro Regional EB-5 en el Pacifico Noroeste de EE.UU. con base en dos proyectos con acumulaci\u00f3n de capital combinado de m\u00e1s de $500 millones y un levantamiento de capital EB-5 esperado de m\u00e1s $250 millones. \u2013 Aprobaci\u00f3n de un Centro Regional EB-5 en la ... Read More","og_url":"https:\/\/diazreus.com\/es\/casos-representativos\/inmigracion-revocacion-y-recuperacion-de-visas\/","og_site_name":"Diaz Reus","article_modified_time":"2022-12-01T14:44:49+00:00","twitter_card":"summary_large_image","twitter_misc":{"Tiempo de lectura":"1 minuto"},"schema":{"@context":"https:\/\/schema.org","@graph":[{"@type":"WebPage","@id":"https:\/\/diazreus.com\/es\/casos-representativos\/inmigracion-revocacion-y-recuperacion-de-visas\/","url":"https:\/\/diazreus.com\/es\/casos-representativos\/inmigracion-revocacion-y-recuperacion-de-visas\/","name":"Inmigraci\u00f3n \/ revocaci\u00f3n y recuperaci\u00f3n de visas - Diaz Reus","isPartOf":{"@id":"https:\/\/diazreus.com\/es\/#website"},"datePublished":"2020-10-29T17:02:20+00:00","dateModified":"2022-12-01T14:44:49+00:00","breadcrumb":{"@id":"https:\/\/diazreus.com\/es\/casos-representativos\/inmigracion-revocacion-y-recuperacion-de-visas\/#breadcrumb"},"inLanguage":"es","potentialAction":[{"@type":"ReadAction","target":["https:\/\/diazreus.com\/es\/casos-representativos\/inmigracion-revocacion-y-recuperacion-de-visas\/"]}]},{"@type":"BreadcrumbList","@id":"https:\/\/diazreus.com\/es\/casos-representativos\/inmigracion-revocacion-y-recuperacion-de-visas\/#breadcrumb","itemListElement":[{"@type":"ListItem","position":1,"name":"Home","item":"https:\/\/diazreus.com\/es\/home-espanol\/"},{"@type":"ListItem","position":2,"name":"Casos Representativos","item":"https:\/\/diazreus.com\/es\/casos-representativos\/"},{"@type":"ListItem","position":3,"name":"Inmigraci\u00f3n \/ revocaci\u00f3n y recuperaci\u00f3n de visas"}]},{"@type":"WebSite","@id":"https:\/\/diazreus.com\/es\/#website","url":"https:\/\/diazreus.com\/es\/","name":"Diaz Reus","description":"","potentialAction":[{"@type":"SearchAction","target":{"@type":"EntryPoint","urlTemplate":"https:\/\/diazreus.com\/es\/?s={search_term_string}"},"query-input":{"@type":"PropertyValueSpecification","valueRequired":true,"valueName":"search_term_string"}}],"inLanguage":"es"}]}},"_links":{"self":[{"href":"https:\/\/diazreus.com\/es\/wp-json\/wp\/v2\/pages\/1600","targetHints":{"allow":["GET"]}}],"collection":[{"href":"https:\/\/diazreus.com\/es\/wp-json\/wp\/v2\/pages"}],"about":[{"href":"https:\/\/diazreus.com\/es\/wp-json\/wp\/v2\/types\/page"}],"author":[{"embeddable":true,"href":"https:\/\/diazreus.com\/es\/wp-json\/wp\/v2\/users\/1"}],"replies":[{"embeddable":true,"href":"https:\/\/diazreus.com\/es\/wp-json\/wp\/v2\/comments?post=1600"}],"version-history":[{"count":9,"href":"https:\/\/diazreus.com\/es\/wp-json\/wp\/v2\/pages\/1600\/revisions"}],"predecessor-version":[{"id":20522,"href":"https:\/\/diazreus.com\/es\/wp-json\/wp\/v2\/pages\/1600\/revisions\/20522"}],"up":[{"embeddable":true,"href":"https:\/\/diazreus.com\/es\/wp-json\/wp\/v2\/pages\/1451"}],"wp:attachment":[{"href":"https:\/\/diazreus.com\/es\/wp-json\/wp\/v2\/media?parent=1600"}],"curies":[{"name":"wp","href":"https:\/\/api.w.org\/{rel}","templated":true}]}}