{"id":1541,"date":"2020-10-28T19:08:11","date_gmt":"2020-10-28T19:08:11","guid":{"rendered":"https:\/\/diazreus.com\/?page_id=1541"},"modified":"2025-04-16T00:46:22","modified_gmt":"2025-04-16T00:46:22","slug":"litigios","status":"publish","type":"page","link":"https:\/\/diazreus.com\/es\/casos-representativos\/litigios\/","title":{"rendered":"Litigios"},"content":{"rendered":"<div id=\"cs-content\" class=\"cs-content\"><\/div>\n","protected":false},"excerpt":{"rendered":"<p>Representative MattersLitigiosVolver a todos los Casos Representativos \u2013 Obtenci\u00f3n de sentencia definitiva a favor del demandante tras un juicio sin jurado de un d\u00eda de duraci\u00f3n en el Tribunal del Condado de Miami-Dade en relaci\u00f3n con un litigio sobre un contrato de arrendamiento comercial relativo al pago de aumentos de impuestos sobre bienes inmuebles. \u2013 En un litigio sobre una &#8230; <a href=\"https:\/\/diazreus.com\/es\/casos-representativos\/litigios\/\" class=\"more-link\">Read More<\/a><\/p>\n","protected":false},"author":1,"featured_media":0,"parent":1451,"menu_order":0,"comment_status":"closed","ping_status":"closed","template":"template-blank-4.php","meta":{"_acf_changed":false,"rs_blank_template":"","rs_page_bg_color":"#ffffff","slide_template_v7":"","inline_featured_image":false,"footnotes":""},"class_list":["post-1541","page","type-page","status-publish","hentry","no-post-thumbnail"],"acf":[],"yoast_head":"<!-- This site is optimized with the Yoast SEO plugin v27.2 - https:\/\/yoast.com\/product\/yoast-seo-wordpress\/ -->\n<title>Litigios - Diaz Reus<\/title>\n<meta name=\"robots\" content=\"index, follow, max-snippet:-1, max-image-preview:large, max-video-preview:-1\" \/>\n<link rel=\"canonical\" href=\"https:\/\/diazreus.com\/es\/casos-representativos\/litigios\/\" \/>\n<meta property=\"og:locale\" content=\"es_ES\" \/>\n<meta property=\"og:type\" content=\"article\" \/>\n<meta property=\"og:title\" content=\"Litigios - Diaz Reus\" \/>\n<meta property=\"og:description\" content=\"Representative MattersLitigiosVolver a todos los Casos Representativos \u2013 Obtenci\u00f3n de sentencia definitiva a favor del demandante tras un juicio sin jurado de un d\u00eda de duraci\u00f3n en el Tribunal del Condado de Miami-Dade en relaci\u00f3n con un litigio sobre un contrato de arrendamiento comercial relativo al pago de aumentos de impuestos sobre bienes inmuebles. \u2013 En un litigio sobre una ... Read More\" \/>\n<meta property=\"og:url\" content=\"https:\/\/diazreus.com\/es\/casos-representativos\/litigios\/\" \/>\n<meta property=\"og:site_name\" content=\"Diaz Reus\" \/>\n<meta property=\"article:modified_time\" content=\"2025-04-16T00:46:22+00:00\" \/>\n<meta name=\"twitter:card\" content=\"summary_large_image\" \/>\n<meta name=\"twitter:label1\" content=\"Tiempo de lectura\" \/>\n\t<meta name=\"twitter:data1\" content=\"3 minutos\" \/>\n<script type=\"application\/ld+json\" class=\"yoast-schema-graph\">{\"@context\":\"https:\/\/schema.org\",\"@graph\":[{\"@type\":\"WebPage\",\"@id\":\"https:\/\/diazreus.com\/es\/casos-representativos\/litigios\/\",\"url\":\"https:\/\/diazreus.com\/es\/casos-representativos\/litigios\/\",\"name\":\"Litigios - Diaz Reus\",\"isPartOf\":{\"@id\":\"https:\/\/diazreus.com\/es\/#website\"},\"datePublished\":\"2020-10-28T19:08:11+00:00\",\"dateModified\":\"2025-04-16T00:46:22+00:00\",\"breadcrumb\":{\"@id\":\"https:\/\/diazreus.com\/es\/casos-representativos\/litigios\/#breadcrumb\"},\"inLanguage\":\"es\",\"potentialAction\":[{\"@type\":\"ReadAction\",\"target\":[\"https:\/\/diazreus.com\/es\/casos-representativos\/litigios\/\"]}]},{\"@type\":\"BreadcrumbList\",\"@id\":\"https:\/\/diazreus.com\/es\/casos-representativos\/litigios\/#breadcrumb\",\"itemListElement\":[{\"@type\":\"ListItem\",\"position\":1,\"name\":\"Home\",\"item\":\"https:\/\/diazreus.com\/es\/home-espanol\/\"},{\"@type\":\"ListItem\",\"position\":2,\"name\":\"Casos Representativos\",\"item\":\"https:\/\/diazreus.com\/es\/casos-representativos\/\"},{\"@type\":\"ListItem\",\"position\":3,\"name\":\"Litigios\"}]},{\"@type\":\"WebSite\",\"@id\":\"https:\/\/diazreus.com\/es\/#website\",\"url\":\"https:\/\/diazreus.com\/es\/\",\"name\":\"Diaz Reus\",\"description\":\"\",\"potentialAction\":[{\"@type\":\"SearchAction\",\"target\":{\"@type\":\"EntryPoint\",\"urlTemplate\":\"https:\/\/diazreus.com\/es\/?s={search_term_string}\"},\"query-input\":{\"@type\":\"PropertyValueSpecification\",\"valueRequired\":true,\"valueName\":\"search_term_string\"}}],\"inLanguage\":\"es\"}]}<\/script>\n<!-- \/ Yoast SEO plugin. -->","yoast_head_json":{"title":"Litigios - Diaz Reus","robots":{"index":"index","follow":"follow","max-snippet":"max-snippet:-1","max-image-preview":"max-image-preview:large","max-video-preview":"max-video-preview:-1"},"canonical":"https:\/\/diazreus.com\/es\/casos-representativos\/litigios\/","og_locale":"es_ES","og_type":"article","og_title":"Litigios - Diaz Reus","og_description":"Representative MattersLitigiosVolver a todos los Casos Representativos \u2013 Obtenci\u00f3n de sentencia definitiva a favor del demandante tras un juicio sin jurado de un d\u00eda de duraci\u00f3n en el Tribunal del Condado de Miami-Dade en relaci\u00f3n con un litigio sobre un contrato de arrendamiento comercial relativo al pago de aumentos de impuestos sobre bienes inmuebles. \u2013 En un litigio sobre una ... Read More","og_url":"https:\/\/diazreus.com\/es\/casos-representativos\/litigios\/","og_site_name":"Diaz Reus","article_modified_time":"2025-04-16T00:46:22+00:00","twitter_card":"summary_large_image","twitter_misc":{"Tiempo de lectura":"3 minutos"},"schema":{"@context":"https:\/\/schema.org","@graph":[{"@type":"WebPage","@id":"https:\/\/diazreus.com\/es\/casos-representativos\/litigios\/","url":"https:\/\/diazreus.com\/es\/casos-representativos\/litigios\/","name":"Litigios - Diaz Reus","isPartOf":{"@id":"https:\/\/diazreus.com\/es\/#website"},"datePublished":"2020-10-28T19:08:11+00:00","dateModified":"2025-04-16T00:46:22+00:00","breadcrumb":{"@id":"https:\/\/diazreus.com\/es\/casos-representativos\/litigios\/#breadcrumb"},"inLanguage":"es","potentialAction":[{"@type":"ReadAction","target":["https:\/\/diazreus.com\/es\/casos-representativos\/litigios\/"]}]},{"@type":"BreadcrumbList","@id":"https:\/\/diazreus.com\/es\/casos-representativos\/litigios\/#breadcrumb","itemListElement":[{"@type":"ListItem","position":1,"name":"Home","item":"https:\/\/diazreus.com\/es\/home-espanol\/"},{"@type":"ListItem","position":2,"name":"Casos Representativos","item":"https:\/\/diazreus.com\/es\/casos-representativos\/"},{"@type":"ListItem","position":3,"name":"Litigios"}]},{"@type":"WebSite","@id":"https:\/\/diazreus.com\/es\/#website","url":"https:\/\/diazreus.com\/es\/","name":"Diaz Reus","description":"","potentialAction":[{"@type":"SearchAction","target":{"@type":"EntryPoint","urlTemplate":"https:\/\/diazreus.com\/es\/?s={search_term_string}"},"query-input":{"@type":"PropertyValueSpecification","valueRequired":true,"valueName":"search_term_string"}}],"inLanguage":"es"}]}},"_links":{"self":[{"href":"https:\/\/diazreus.com\/es\/wp-json\/wp\/v2\/pages\/1541","targetHints":{"allow":["GET"]}}],"collection":[{"href":"https:\/\/diazreus.com\/es\/wp-json\/wp\/v2\/pages"}],"about":[{"href":"https:\/\/diazreus.com\/es\/wp-json\/wp\/v2\/types\/page"}],"author":[{"embeddable":true,"href":"https:\/\/diazreus.com\/es\/wp-json\/wp\/v2\/users\/1"}],"replies":[{"embeddable":true,"href":"https:\/\/diazreus.com\/es\/wp-json\/wp\/v2\/comments?post=1541"}],"version-history":[{"count":12,"href":"https:\/\/diazreus.com\/es\/wp-json\/wp\/v2\/pages\/1541\/revisions"}],"predecessor-version":[{"id":23958,"href":"https:\/\/diazreus.com\/es\/wp-json\/wp\/v2\/pages\/1541\/revisions\/23958"}],"up":[{"embeddable":true,"href":"https:\/\/diazreus.com\/es\/wp-json\/wp\/v2\/pages\/1451"}],"wp:attachment":[{"href":"https:\/\/diazreus.com\/es\/wp-json\/wp\/v2\/media?parent=1541"}],"curies":[{"name":"wp","href":"https:\/\/api.w.org\/{rel}","templated":true}]}}