{"id":1532,"date":"2020-10-28T16:47:47","date_gmt":"2020-10-28T16:47:47","guid":{"rendered":"https:\/\/diazreus.com\/?page_id=1532"},"modified":"2020-11-18T14:26:59","modified_gmt":"2020-11-18T14:26:59","slug":"arbitraje","status":"publish","type":"page","link":"https:\/\/diazreus.com\/es\/casos-representativos\/arbitraje\/","title":{"rendered":"Arbitraje"},"content":{"rendered":"<div id=\"cs-content\" class=\"cs-content\"><\/div>\n","protected":false},"excerpt":{"rendered":"<p>Casos RepresentativosArbitrajeVolver a todos los casos representativos\u2013 Representaci\u00f3n de una entidad soberana extranjera en m\u00faltiples arbitrajes y en distintos pa\u00edses, as\u00ed como un procedimiento de embargo mar\u00edtimo en el Distrito Sur de Nueva York contra un socio de empresa conjunta en relaci\u00f3n con el supuesto incumplimiento de m\u00faltiples contratos, argumentando con \u00e9xito que la entidad ten\u00eda derecho a la inmunidad &#8230; <a href=\"https:\/\/diazreus.com\/es\/casos-representativos\/arbitraje\/\" class=\"more-link\">Read More<\/a><\/p>\n","protected":false},"author":1,"featured_media":0,"parent":1451,"menu_order":0,"comment_status":"closed","ping_status":"closed","template":"template-blank-4.php","meta":{"_acf_changed":false,"rs_blank_template":"","rs_page_bg_color":"#ffffff","slide_template_v7":"","inline_featured_image":false,"footnotes":""},"class_list":["post-1532","page","type-page","status-publish","hentry","no-post-thumbnail"],"acf":[],"yoast_head":"<!-- This site is optimized with the Yoast SEO plugin v27.4 - https:\/\/yoast.com\/product\/yoast-seo-wordpress\/ -->\n<title>Arbitraje - Diaz Reus<\/title>\n<meta name=\"robots\" content=\"index, follow, max-snippet:-1, max-image-preview:large, max-video-preview:-1\" \/>\n<link rel=\"canonical\" href=\"https:\/\/diazreus.com\/es\/casos-representativos\/arbitraje\/\" \/>\n<meta property=\"og:locale\" content=\"es_ES\" \/>\n<meta property=\"og:type\" content=\"article\" \/>\n<meta property=\"og:title\" content=\"Arbitraje - Diaz Reus\" \/>\n<meta property=\"og:description\" content=\"Casos RepresentativosArbitrajeVolver a todos los casos representativos\u2013 Representaci\u00f3n de una entidad soberana extranjera en m\u00faltiples arbitrajes y en distintos pa\u00edses, as\u00ed como un procedimiento de embargo mar\u00edtimo en el Distrito Sur de Nueva York contra un socio de empresa conjunta en relaci\u00f3n con el supuesto incumplimiento de m\u00faltiples contratos, argumentando con \u00e9xito que la entidad ten\u00eda derecho a la inmunidad ... Read More\" \/>\n<meta property=\"og:url\" content=\"https:\/\/diazreus.com\/es\/casos-representativos\/arbitraje\/\" \/>\n<meta property=\"og:site_name\" content=\"Diaz Reus\" \/>\n<meta property=\"article:modified_time\" content=\"2020-11-18T14:26:59+00:00\" \/>\n<meta name=\"twitter:card\" content=\"summary_large_image\" \/>\n<meta name=\"twitter:label1\" content=\"Tiempo de lectura\" \/>\n\t<meta name=\"twitter:data1\" content=\"2 minutos\" \/>\n<script type=\"application\/ld+json\" class=\"yoast-schema-graph\">{\"@context\":\"https:\\\/\\\/schema.org\",\"@graph\":[{\"@type\":\"WebPage\",\"@id\":\"https:\\\/\\\/diazreus.com\\\/es\\\/casos-representativos\\\/arbitraje\\\/\",\"url\":\"https:\\\/\\\/diazreus.com\\\/es\\\/casos-representativos\\\/arbitraje\\\/\",\"name\":\"Arbitraje - Diaz Reus\",\"isPartOf\":{\"@id\":\"https:\\\/\\\/diazreus.com\\\/es\\\/#website\"},\"datePublished\":\"2020-10-28T16:47:47+00:00\",\"dateModified\":\"2020-11-18T14:26:59+00:00\",\"breadcrumb\":{\"@id\":\"https:\\\/\\\/diazreus.com\\\/es\\\/casos-representativos\\\/arbitraje\\\/#breadcrumb\"},\"inLanguage\":\"es\",\"potentialAction\":[{\"@type\":\"ReadAction\",\"target\":[\"https:\\\/\\\/diazreus.com\\\/es\\\/casos-representativos\\\/arbitraje\\\/\"]}]},{\"@type\":\"BreadcrumbList\",\"@id\":\"https:\\\/\\\/diazreus.com\\\/es\\\/casos-representativos\\\/arbitraje\\\/#breadcrumb\",\"itemListElement\":[{\"@type\":\"ListItem\",\"position\":1,\"name\":\"Home\",\"item\":\"https:\\\/\\\/diazreus.com\\\/es\\\/home-espanol\\\/\"},{\"@type\":\"ListItem\",\"position\":2,\"name\":\"Casos Representativos\",\"item\":\"https:\\\/\\\/diazreus.com\\\/es\\\/casos-representativos\\\/\"},{\"@type\":\"ListItem\",\"position\":3,\"name\":\"Arbitraje\"}]},{\"@type\":\"WebSite\",\"@id\":\"https:\\\/\\\/diazreus.com\\\/es\\\/#website\",\"url\":\"https:\\\/\\\/diazreus.com\\\/es\\\/\",\"name\":\"Diaz Reus\",\"description\":\"\",\"potentialAction\":[{\"@type\":\"SearchAction\",\"target\":{\"@type\":\"EntryPoint\",\"urlTemplate\":\"https:\\\/\\\/diazreus.com\\\/es\\\/?s={search_term_string}\"},\"query-input\":{\"@type\":\"PropertyValueSpecification\",\"valueRequired\":true,\"valueName\":\"search_term_string\"}}],\"inLanguage\":\"es\"}]}<\/script>\n<!-- \/ Yoast SEO plugin. -->","yoast_head_json":{"title":"Arbitraje - Diaz Reus","robots":{"index":"index","follow":"follow","max-snippet":"max-snippet:-1","max-image-preview":"max-image-preview:large","max-video-preview":"max-video-preview:-1"},"canonical":"https:\/\/diazreus.com\/es\/casos-representativos\/arbitraje\/","og_locale":"es_ES","og_type":"article","og_title":"Arbitraje - Diaz Reus","og_description":"Casos RepresentativosArbitrajeVolver a todos los casos representativos\u2013 Representaci\u00f3n de una entidad soberana extranjera en m\u00faltiples arbitrajes y en distintos pa\u00edses, as\u00ed como un procedimiento de embargo mar\u00edtimo en el Distrito Sur de Nueva York contra un socio de empresa conjunta en relaci\u00f3n con el supuesto incumplimiento de m\u00faltiples contratos, argumentando con \u00e9xito que la entidad ten\u00eda derecho a la inmunidad ... Read More","og_url":"https:\/\/diazreus.com\/es\/casos-representativos\/arbitraje\/","og_site_name":"Diaz Reus","article_modified_time":"2020-11-18T14:26:59+00:00","twitter_card":"summary_large_image","twitter_misc":{"Tiempo de lectura":"2 minutos"},"schema":{"@context":"https:\/\/schema.org","@graph":[{"@type":"WebPage","@id":"https:\/\/diazreus.com\/es\/casos-representativos\/arbitraje\/","url":"https:\/\/diazreus.com\/es\/casos-representativos\/arbitraje\/","name":"Arbitraje - Diaz Reus","isPartOf":{"@id":"https:\/\/diazreus.com\/es\/#website"},"datePublished":"2020-10-28T16:47:47+00:00","dateModified":"2020-11-18T14:26:59+00:00","breadcrumb":{"@id":"https:\/\/diazreus.com\/es\/casos-representativos\/arbitraje\/#breadcrumb"},"inLanguage":"es","potentialAction":[{"@type":"ReadAction","target":["https:\/\/diazreus.com\/es\/casos-representativos\/arbitraje\/"]}]},{"@type":"BreadcrumbList","@id":"https:\/\/diazreus.com\/es\/casos-representativos\/arbitraje\/#breadcrumb","itemListElement":[{"@type":"ListItem","position":1,"name":"Home","item":"https:\/\/diazreus.com\/es\/home-espanol\/"},{"@type":"ListItem","position":2,"name":"Casos Representativos","item":"https:\/\/diazreus.com\/es\/casos-representativos\/"},{"@type":"ListItem","position":3,"name":"Arbitraje"}]},{"@type":"WebSite","@id":"https:\/\/diazreus.com\/es\/#website","url":"https:\/\/diazreus.com\/es\/","name":"Diaz Reus","description":"","potentialAction":[{"@type":"SearchAction","target":{"@type":"EntryPoint","urlTemplate":"https:\/\/diazreus.com\/es\/?s={search_term_string}"},"query-input":{"@type":"PropertyValueSpecification","valueRequired":true,"valueName":"search_term_string"}}],"inLanguage":"es"}]}},"_links":{"self":[{"href":"https:\/\/diazreus.com\/es\/wp-json\/wp\/v2\/pages\/1532","targetHints":{"allow":["GET"]}}],"collection":[{"href":"https:\/\/diazreus.com\/es\/wp-json\/wp\/v2\/pages"}],"about":[{"href":"https:\/\/diazreus.com\/es\/wp-json\/wp\/v2\/types\/page"}],"author":[{"embeddable":true,"href":"https:\/\/diazreus.com\/es\/wp-json\/wp\/v2\/users\/1"}],"replies":[{"embeddable":true,"href":"https:\/\/diazreus.com\/es\/wp-json\/wp\/v2\/comments?post=1532"}],"version-history":[{"count":8,"href":"https:\/\/diazreus.com\/es\/wp-json\/wp\/v2\/pages\/1532\/revisions"}],"predecessor-version":[{"id":2763,"href":"https:\/\/diazreus.com\/es\/wp-json\/wp\/v2\/pages\/1532\/revisions\/2763"}],"up":[{"embeddable":true,"href":"https:\/\/diazreus.com\/es\/wp-json\/wp\/v2\/pages\/1451"}],"wp:attachment":[{"href":"https:\/\/diazreus.com\/es\/wp-json\/wp\/v2\/media?parent=1532"}],"curies":[{"name":"wp","href":"https:\/\/api.w.org\/{rel}","templated":true}]}}