{"id":1466,"date":"2020-10-27T19:36:59","date_gmt":"2020-10-27T19:36:59","guid":{"rendered":"https:\/\/diazreus.com\/?page_id=1466"},"modified":"2026-01-23T20:10:52","modified_gmt":"2026-01-23T20:10:52","slug":"delitos-de-cuello-o-guante-blanco-sanciones-gubernamentales","status":"publish","type":"page","link":"https:\/\/diazreus.com\/es\/casos-representativos\/delitos-de-cuello-o-guante-blanco-sanciones-gubernamentales\/","title":{"rendered":"Delitos de Cuello o Guante Blanco, Sanciones Gubernamentales"},"content":{"rendered":"<div id=\"cs-content\" class=\"cs-content\"><\/div>\n","protected":false},"excerpt":{"rendered":"<p>Casos RepresentativosDelitos de Cuello o Guante Blanco, Sanciones GubernamentalesVolver a todos los casos representativosDelitos de Cuello o Guante Blanco e Investigaciones:\u2013 Recuperaci\u00f3n con \u00e9xito de la visa de reingreso en EE.UU. para hermanos de Oriente Medio afincados en Am\u00e9rica Latina, y sus respectivos c\u00f3nyuges, tras haber sido incluidos en la \u00ablista de exclusi\u00f3n a\u00e9rea\u00bb sancionados como terroristas, y tener sus &#8230; <a href=\"https:\/\/diazreus.com\/es\/casos-representativos\/delitos-de-cuello-o-guante-blanco-sanciones-gubernamentales\/\" class=\"more-link\">Read More<\/a><\/p>\n","protected":false},"author":1,"featured_media":0,"parent":1451,"menu_order":0,"comment_status":"closed","ping_status":"closed","template":"template-blank-4.php","meta":{"_acf_changed":false,"rs_blank_template":"","rs_page_bg_color":"#ffffff","slide_template_v7":"","inline_featured_image":false,"footnotes":""},"class_list":["post-1466","page","type-page","status-publish","hentry","no-post-thumbnail"],"acf":[],"yoast_head":"<!-- This site is optimized with the Yoast SEO plugin v27.3 - https:\/\/yoast.com\/product\/yoast-seo-wordpress\/ -->\n<title>Delitos de Cuello o Guante Blanco, Sanciones Gubernamentales - Diaz Reus<\/title>\n<meta name=\"robots\" content=\"index, follow, max-snippet:-1, max-image-preview:large, max-video-preview:-1\" \/>\n<link rel=\"canonical\" href=\"https:\/\/diazreus.com\/es\/casos-representativos\/delitos-de-cuello-o-guante-blanco-sanciones-gubernamentales\/\" \/>\n<meta property=\"og:locale\" content=\"es_ES\" \/>\n<meta property=\"og:type\" content=\"article\" \/>\n<meta property=\"og:title\" content=\"Delitos de Cuello o Guante Blanco, Sanciones Gubernamentales - Diaz Reus\" \/>\n<meta property=\"og:description\" content=\"Casos RepresentativosDelitos de Cuello o Guante Blanco, Sanciones GubernamentalesVolver a todos los casos representativosDelitos de Cuello o Guante Blanco e Investigaciones:\u2013 Recuperaci\u00f3n con \u00e9xito de la visa de reingreso en EE.UU. para hermanos de Oriente Medio afincados en Am\u00e9rica Latina, y sus respectivos c\u00f3nyuges, tras haber sido incluidos en la &quot;lista de exclusi\u00f3n a\u00e9rea&quot; sancionados como terroristas, y tener sus ... Read More\" \/>\n<meta property=\"og:url\" content=\"https:\/\/diazreus.com\/es\/casos-representativos\/delitos-de-cuello-o-guante-blanco-sanciones-gubernamentales\/\" \/>\n<meta property=\"og:site_name\" content=\"Diaz Reus\" \/>\n<meta property=\"article:modified_time\" content=\"2026-01-23T20:10:52+00:00\" \/>\n<meta name=\"twitter:card\" content=\"summary_large_image\" \/>\n<meta name=\"twitter:label1\" content=\"Tiempo de lectura\" \/>\n\t<meta name=\"twitter:data1\" content=\"10 minutos\" \/>\n<script type=\"application\/ld+json\" class=\"yoast-schema-graph\">{\"@context\":\"https:\\\/\\\/schema.org\",\"@graph\":[{\"@type\":\"WebPage\",\"@id\":\"https:\\\/\\\/diazreus.com\\\/es\\\/casos-representativos\\\/delitos-de-cuello-o-guante-blanco-sanciones-gubernamentales\\\/\",\"url\":\"https:\\\/\\\/diazreus.com\\\/es\\\/casos-representativos\\\/delitos-de-cuello-o-guante-blanco-sanciones-gubernamentales\\\/\",\"name\":\"Delitos de Cuello o Guante Blanco, Sanciones Gubernamentales - Diaz Reus\",\"isPartOf\":{\"@id\":\"https:\\\/\\\/diazreus.com\\\/es\\\/#website\"},\"datePublished\":\"2020-10-27T19:36:59+00:00\",\"dateModified\":\"2026-01-23T20:10:52+00:00\",\"breadcrumb\":{\"@id\":\"https:\\\/\\\/diazreus.com\\\/es\\\/casos-representativos\\\/delitos-de-cuello-o-guante-blanco-sanciones-gubernamentales\\\/#breadcrumb\"},\"inLanguage\":\"es\",\"potentialAction\":[{\"@type\":\"ReadAction\",\"target\":[\"https:\\\/\\\/diazreus.com\\\/es\\\/casos-representativos\\\/delitos-de-cuello-o-guante-blanco-sanciones-gubernamentales\\\/\"]}]},{\"@type\":\"BreadcrumbList\",\"@id\":\"https:\\\/\\\/diazreus.com\\\/es\\\/casos-representativos\\\/delitos-de-cuello-o-guante-blanco-sanciones-gubernamentales\\\/#breadcrumb\",\"itemListElement\":[{\"@type\":\"ListItem\",\"position\":1,\"name\":\"Home\",\"item\":\"https:\\\/\\\/diazreus.com\\\/es\\\/home-espanol\\\/\"},{\"@type\":\"ListItem\",\"position\":2,\"name\":\"Casos Representativos\",\"item\":\"https:\\\/\\\/diazreus.com\\\/es\\\/casos-representativos\\\/\"},{\"@type\":\"ListItem\",\"position\":3,\"name\":\"Delitos de Cuello o Guante Blanco, Sanciones Gubernamentales\"}]},{\"@type\":\"WebSite\",\"@id\":\"https:\\\/\\\/diazreus.com\\\/es\\\/#website\",\"url\":\"https:\\\/\\\/diazreus.com\\\/es\\\/\",\"name\":\"Diaz Reus\",\"description\":\"\",\"potentialAction\":[{\"@type\":\"SearchAction\",\"target\":{\"@type\":\"EntryPoint\",\"urlTemplate\":\"https:\\\/\\\/diazreus.com\\\/es\\\/?s={search_term_string}\"},\"query-input\":{\"@type\":\"PropertyValueSpecification\",\"valueRequired\":true,\"valueName\":\"search_term_string\"}}],\"inLanguage\":\"es\"}]}<\/script>\n<!-- \/ Yoast SEO plugin. -->","yoast_head_json":{"title":"Delitos de Cuello o Guante Blanco, Sanciones Gubernamentales - Diaz Reus","robots":{"index":"index","follow":"follow","max-snippet":"max-snippet:-1","max-image-preview":"max-image-preview:large","max-video-preview":"max-video-preview:-1"},"canonical":"https:\/\/diazreus.com\/es\/casos-representativos\/delitos-de-cuello-o-guante-blanco-sanciones-gubernamentales\/","og_locale":"es_ES","og_type":"article","og_title":"Delitos de Cuello o Guante Blanco, Sanciones Gubernamentales - Diaz Reus","og_description":"Casos RepresentativosDelitos de Cuello o Guante Blanco, Sanciones GubernamentalesVolver a todos los casos representativosDelitos de Cuello o Guante Blanco e Investigaciones:\u2013 Recuperaci\u00f3n con \u00e9xito de la visa de reingreso en EE.UU. para hermanos de Oriente Medio afincados en Am\u00e9rica Latina, y sus respectivos c\u00f3nyuges, tras haber sido incluidos en la \"lista de exclusi\u00f3n a\u00e9rea\" sancionados como terroristas, y tener sus ... Read More","og_url":"https:\/\/diazreus.com\/es\/casos-representativos\/delitos-de-cuello-o-guante-blanco-sanciones-gubernamentales\/","og_site_name":"Diaz Reus","article_modified_time":"2026-01-23T20:10:52+00:00","twitter_card":"summary_large_image","twitter_misc":{"Tiempo de lectura":"10 minutos"},"schema":{"@context":"https:\/\/schema.org","@graph":[{"@type":"WebPage","@id":"https:\/\/diazreus.com\/es\/casos-representativos\/delitos-de-cuello-o-guante-blanco-sanciones-gubernamentales\/","url":"https:\/\/diazreus.com\/es\/casos-representativos\/delitos-de-cuello-o-guante-blanco-sanciones-gubernamentales\/","name":"Delitos de Cuello o Guante Blanco, Sanciones Gubernamentales - Diaz Reus","isPartOf":{"@id":"https:\/\/diazreus.com\/es\/#website"},"datePublished":"2020-10-27T19:36:59+00:00","dateModified":"2026-01-23T20:10:52+00:00","breadcrumb":{"@id":"https:\/\/diazreus.com\/es\/casos-representativos\/delitos-de-cuello-o-guante-blanco-sanciones-gubernamentales\/#breadcrumb"},"inLanguage":"es","potentialAction":[{"@type":"ReadAction","target":["https:\/\/diazreus.com\/es\/casos-representativos\/delitos-de-cuello-o-guante-blanco-sanciones-gubernamentales\/"]}]},{"@type":"BreadcrumbList","@id":"https:\/\/diazreus.com\/es\/casos-representativos\/delitos-de-cuello-o-guante-blanco-sanciones-gubernamentales\/#breadcrumb","itemListElement":[{"@type":"ListItem","position":1,"name":"Home","item":"https:\/\/diazreus.com\/es\/home-espanol\/"},{"@type":"ListItem","position":2,"name":"Casos Representativos","item":"https:\/\/diazreus.com\/es\/casos-representativos\/"},{"@type":"ListItem","position":3,"name":"Delitos de Cuello o Guante Blanco, Sanciones Gubernamentales"}]},{"@type":"WebSite","@id":"https:\/\/diazreus.com\/es\/#website","url":"https:\/\/diazreus.com\/es\/","name":"Diaz Reus","description":"","potentialAction":[{"@type":"SearchAction","target":{"@type":"EntryPoint","urlTemplate":"https:\/\/diazreus.com\/es\/?s={search_term_string}"},"query-input":{"@type":"PropertyValueSpecification","valueRequired":true,"valueName":"search_term_string"}}],"inLanguage":"es"}]}},"_links":{"self":[{"href":"https:\/\/diazreus.com\/es\/wp-json\/wp\/v2\/pages\/1466","targetHints":{"allow":["GET"]}}],"collection":[{"href":"https:\/\/diazreus.com\/es\/wp-json\/wp\/v2\/pages"}],"about":[{"href":"https:\/\/diazreus.com\/es\/wp-json\/wp\/v2\/types\/page"}],"author":[{"embeddable":true,"href":"https:\/\/diazreus.com\/es\/wp-json\/wp\/v2\/users\/1"}],"replies":[{"embeddable":true,"href":"https:\/\/diazreus.com\/es\/wp-json\/wp\/v2\/comments?post=1466"}],"version-history":[{"count":35,"href":"https:\/\/diazreus.com\/es\/wp-json\/wp\/v2\/pages\/1466\/revisions"}],"predecessor-version":[{"id":25285,"href":"https:\/\/diazreus.com\/es\/wp-json\/wp\/v2\/pages\/1466\/revisions\/25285"}],"up":[{"embeddable":true,"href":"https:\/\/diazreus.com\/es\/wp-json\/wp\/v2\/pages\/1451"}],"wp:attachment":[{"href":"https:\/\/diazreus.com\/es\/wp-json\/wp\/v2\/media?parent=1466"}],"curies":[{"name":"wp","href":"https:\/\/api.w.org\/{rel}","templated":true}]}}