{"id":1364,"date":"2020-10-26T19:33:52","date_gmt":"2020-10-26T19:33:52","guid":{"rendered":"https:\/\/diazreus.com\/?page_id=1364"},"modified":"2025-04-14T23:48:18","modified_gmt":"2025-04-14T23:48:18","slug":"oficinas","status":"publish","type":"page","link":"https:\/\/diazreus.com\/es\/oficinas\/","title":{"rendered":"Oficinas"},"content":{"rendered":"<div id=\"cs-content\" class=\"cs-content\"><\/div>\n","protected":false},"excerpt":{"rendered":"<p>Nuestras oficinas en todo el mundoLas oficinas internacionales de Diaz Reus en centros de negocios clave ofrecen servicios jur\u00eddicos en EE.UU., Canad\u00e1, Am\u00e9rica latina, Europa, Asia, Africa y el Oriente Medio. Diaz Reus International Law Firm &amp; Alliance es una firma jur\u00eddica internacional que ofrece servicios a sus clientes en el mundo entero a trav\u00e9s de sus firmas miembros y &#8230; <a href=\"https:\/\/diazreus.com\/es\/oficinas\/\" class=\"more-link\">Read More<\/a><\/p>\n","protected":false},"author":1,"featured_media":0,"parent":0,"menu_order":0,"comment_status":"closed","ping_status":"closed","template":"template-blank-4.php","meta":{"_acf_changed":false,"rs_blank_template":"","rs_page_bg_color":"#ffffff","slide_template_v7":"","inline_featured_image":false,"footnotes":""},"class_list":["post-1364","page","type-page","status-publish","hentry","no-post-thumbnail"],"acf":[],"yoast_head":"<!-- This site is optimized with the Yoast SEO plugin v27.3 - https:\/\/yoast.com\/product\/yoast-seo-wordpress\/ -->\n<title>Oficinas - Diaz Reus<\/title>\n<meta name=\"robots\" content=\"index, follow, max-snippet:-1, max-image-preview:large, max-video-preview:-1\" \/>\n<link rel=\"canonical\" href=\"https:\/\/diazreus.com\/es\/oficinas\/\" \/>\n<meta property=\"og:locale\" content=\"es_ES\" \/>\n<meta property=\"og:type\" content=\"article\" \/>\n<meta property=\"og:title\" content=\"Oficinas - Diaz Reus\" \/>\n<meta property=\"og:description\" content=\"Nuestras oficinas en todo el mundoLas oficinas internacionales de Diaz Reus en centros de negocios clave ofrecen servicios jur\u00eddicos en EE.UU., Canad\u00e1, Am\u00e9rica latina, Europa, Asia, Africa y el Oriente Medio. Diaz Reus International Law Firm &amp; Alliance es una firma jur\u00eddica internacional que ofrece servicios a sus clientes en el mundo entero a trav\u00e9s de sus firmas miembros y ... Read More\" \/>\n<meta property=\"og:url\" content=\"https:\/\/diazreus.com\/es\/oficinas\/\" \/>\n<meta property=\"og:site_name\" content=\"Diaz Reus\" \/>\n<meta property=\"article:modified_time\" content=\"2025-04-14T23:48:18+00:00\" \/>\n<meta name=\"twitter:card\" content=\"summary_large_image\" \/>\n<meta name=\"twitter:label1\" content=\"Tiempo de lectura\" \/>\n\t<meta name=\"twitter:data1\" content=\"1 minuto\" \/>\n<script type=\"application\/ld+json\" class=\"yoast-schema-graph\">{\"@context\":\"https:\\\/\\\/schema.org\",\"@graph\":[{\"@type\":\"WebPage\",\"@id\":\"https:\\\/\\\/diazreus.com\\\/es\\\/oficinas\\\/\",\"url\":\"https:\\\/\\\/diazreus.com\\\/es\\\/oficinas\\\/\",\"name\":\"Oficinas - Diaz Reus\",\"isPartOf\":{\"@id\":\"https:\\\/\\\/diazreus.com\\\/es\\\/#website\"},\"datePublished\":\"2020-10-26T19:33:52+00:00\",\"dateModified\":\"2025-04-14T23:48:18+00:00\",\"breadcrumb\":{\"@id\":\"https:\\\/\\\/diazreus.com\\\/es\\\/oficinas\\\/#breadcrumb\"},\"inLanguage\":\"es\",\"potentialAction\":[{\"@type\":\"ReadAction\",\"target\":[\"https:\\\/\\\/diazreus.com\\\/es\\\/oficinas\\\/\"]}]},{\"@type\":\"BreadcrumbList\",\"@id\":\"https:\\\/\\\/diazreus.com\\\/es\\\/oficinas\\\/#breadcrumb\",\"itemListElement\":[{\"@type\":\"ListItem\",\"position\":1,\"name\":\"Home\",\"item\":\"https:\\\/\\\/diazreus.com\\\/es\\\/home-espanol\\\/\"},{\"@type\":\"ListItem\",\"position\":2,\"name\":\"Oficinas\"}]},{\"@type\":\"WebSite\",\"@id\":\"https:\\\/\\\/diazreus.com\\\/es\\\/#website\",\"url\":\"https:\\\/\\\/diazreus.com\\\/es\\\/\",\"name\":\"Diaz Reus\",\"description\":\"\",\"potentialAction\":[{\"@type\":\"SearchAction\",\"target\":{\"@type\":\"EntryPoint\",\"urlTemplate\":\"https:\\\/\\\/diazreus.com\\\/es\\\/?s={search_term_string}\"},\"query-input\":{\"@type\":\"PropertyValueSpecification\",\"valueRequired\":true,\"valueName\":\"search_term_string\"}}],\"inLanguage\":\"es\"}]}<\/script>\n<!-- \/ Yoast SEO plugin. -->","yoast_head_json":{"title":"Oficinas - Diaz Reus","robots":{"index":"index","follow":"follow","max-snippet":"max-snippet:-1","max-image-preview":"max-image-preview:large","max-video-preview":"max-video-preview:-1"},"canonical":"https:\/\/diazreus.com\/es\/oficinas\/","og_locale":"es_ES","og_type":"article","og_title":"Oficinas - Diaz Reus","og_description":"Nuestras oficinas en todo el mundoLas oficinas internacionales de Diaz Reus en centros de negocios clave ofrecen servicios jur\u00eddicos en EE.UU., Canad\u00e1, Am\u00e9rica latina, Europa, Asia, Africa y el Oriente Medio. Diaz Reus International Law Firm &amp; Alliance es una firma jur\u00eddica internacional que ofrece servicios a sus clientes en el mundo entero a trav\u00e9s de sus firmas miembros y ... Read More","og_url":"https:\/\/diazreus.com\/es\/oficinas\/","og_site_name":"Diaz Reus","article_modified_time":"2025-04-14T23:48:18+00:00","twitter_card":"summary_large_image","twitter_misc":{"Tiempo de lectura":"1 minuto"},"schema":{"@context":"https:\/\/schema.org","@graph":[{"@type":"WebPage","@id":"https:\/\/diazreus.com\/es\/oficinas\/","url":"https:\/\/diazreus.com\/es\/oficinas\/","name":"Oficinas - Diaz Reus","isPartOf":{"@id":"https:\/\/diazreus.com\/es\/#website"},"datePublished":"2020-10-26T19:33:52+00:00","dateModified":"2025-04-14T23:48:18+00:00","breadcrumb":{"@id":"https:\/\/diazreus.com\/es\/oficinas\/#breadcrumb"},"inLanguage":"es","potentialAction":[{"@type":"ReadAction","target":["https:\/\/diazreus.com\/es\/oficinas\/"]}]},{"@type":"BreadcrumbList","@id":"https:\/\/diazreus.com\/es\/oficinas\/#breadcrumb","itemListElement":[{"@type":"ListItem","position":1,"name":"Home","item":"https:\/\/diazreus.com\/es\/home-espanol\/"},{"@type":"ListItem","position":2,"name":"Oficinas"}]},{"@type":"WebSite","@id":"https:\/\/diazreus.com\/es\/#website","url":"https:\/\/diazreus.com\/es\/","name":"Diaz Reus","description":"","potentialAction":[{"@type":"SearchAction","target":{"@type":"EntryPoint","urlTemplate":"https:\/\/diazreus.com\/es\/?s={search_term_string}"},"query-input":{"@type":"PropertyValueSpecification","valueRequired":true,"valueName":"search_term_string"}}],"inLanguage":"es"}]}},"_links":{"self":[{"href":"https:\/\/diazreus.com\/es\/wp-json\/wp\/v2\/pages\/1364","targetHints":{"allow":["GET"]}}],"collection":[{"href":"https:\/\/diazreus.com\/es\/wp-json\/wp\/v2\/pages"}],"about":[{"href":"https:\/\/diazreus.com\/es\/wp-json\/wp\/v2\/types\/page"}],"author":[{"embeddable":true,"href":"https:\/\/diazreus.com\/es\/wp-json\/wp\/v2\/users\/1"}],"replies":[{"embeddable":true,"href":"https:\/\/diazreus.com\/es\/wp-json\/wp\/v2\/comments?post=1364"}],"version-history":[{"count":24,"href":"https:\/\/diazreus.com\/es\/wp-json\/wp\/v2\/pages\/1364\/revisions"}],"predecessor-version":[{"id":23945,"href":"https:\/\/diazreus.com\/es\/wp-json\/wp\/v2\/pages\/1364\/revisions\/23945"}],"wp:attachment":[{"href":"https:\/\/diazreus.com\/es\/wp-json\/wp\/v2\/media?parent=1364"}],"curies":[{"name":"wp","href":"https:\/\/api.w.org\/{rel}","templated":true}]}}